{"id":140,"date":"2025-04-25T13:16:42","date_gmt":"2025-04-25T13:16:42","guid":{"rendered":"https:\/\/karinsanden.de\/?page_id=140"},"modified":"2025-05-20T10:35:21","modified_gmt":"2025-05-20T10:35:21","slug":"beginn","status":"publish","type":"page","link":"https:\/\/karinsanden.de\/","title":{"rendered":"Beginn"},"content":{"rendered":"\n<p class=\"has-text-align-center\"><\/p>\n\n\n\n<div class=\"wp-block-media-text has-media-on-the-right is-stacked-on-mobile\" style=\"grid-template-columns:auto 28%\"><div class=\"wp-block-media-text__content\">\n<p><\/p>\n\n\n\n<p><\/p>\n\n\n\n<p><\/p>\n\n\n\n<p><\/p>\n\n\n\n<p><\/p>\n\n\n\n<h5 class=\"wp-block-heading has-text-align-center\"><strong>Wir sind was wir mitbringen <\/strong><br><strong><br>und was wir aufnehmen <\/strong><\/h5>\n\n\n\n<h4 class=\"wp-block-heading has-text-align-center\"><strong><br>Licht \u2013 Luft \u2013 Wasser \u2013 Nahrung<br><\/strong><\/h4>\n\n\n\n<h5 class=\"wp-block-heading has-text-align-center\"><strong>und<\/strong><\/h5>\n\n\n\n<h4 class=\"wp-block-heading has-text-align-center\"><strong><br>Kraftstr\u00f6me<\/strong><\/h4>\n\n\n\n<h4 class=\"wp-block-heading has-text-align-center\"><strong>Gedankenkr\u00e4fte &#8211; Gef\u00fchlskr\u00e4fte<br><\/strong><\/h4>\n\n\n\n<h5 class=\"wp-block-heading has-text-align-center\"><strong>Diese pr\u00e4gen und gestalten alles Leben, <\/strong><br><strong><br>alle Dinge um uns<\/strong><br><br><strong> unsere Existenz &#8211; unser Sein<\/strong><\/h5>\n\n\n\n<p><\/p>\n\n\n\n<p><\/p>\n\n\n\n<p class=\"has-text-align-center\"><br><br><\/p>\n\n\n\n<p><\/p>\n\n\n\n<p><\/p>\n\n\n\n<p><\/p>\n\n\n\n<p><\/p>\n\n\n\n<p><\/p>\n<\/div><figure class=\"wp-block-media-text__media\"><img loading=\"lazy\" decoding=\"async\" width=\"356\" height=\"609\" src=\"https:\/\/karinsanden.de\/wp-content\/uploads\/2025\/04\/Kasandra-1-e1746454310580.jpg\" alt=\"\" class=\"wp-image-173 size-full\" srcset=\"https:\/\/karinsanden.de\/wp-content\/uploads\/2025\/04\/Kasandra-1-e1746454310580.jpg 356w, https:\/\/karinsanden.de\/wp-content\/uploads\/2025\/04\/Kasandra-1-e1746454310580-175x300.jpg 175w\" sizes=\"auto, (max-width: 356px) 100vw, 356px\" \/><\/figure><\/div>\n\n\n\n<p><\/p>\n","protected":false},"excerpt":{"rendered":"<p>Wir sind was wir mitbringen und was wir aufnehmen Licht \u2013 Luft \u2013 Wasser \u2013 Nahrung und Kraftstr\u00f6me Gedankenkr\u00e4fte &#8211; [&hellip;]<\/p>\n","protected":false},"author":1,"featured_media":0,"parent":0,"menu_order":1,"comment_status":"closed","ping_status":"closed","template":"","meta":{"site-sidebar-layout":"default","site-content-layout":"","ast-site-content-layout":"","site-content-style":"default","site-sidebar-style":"default","ast-global-header-display":"","ast-banner-title-visibility":"","ast-main-header-display":"","ast-hfb-above-header-display":"","ast-hfb-below-header-display":"","ast-hfb-mobile-header-display":"","site-post-title":"disabled","ast-breadcrumbs-content":"","ast-featured-img":"","footer-sml-layout":"","ast-disable-related-posts":"","theme-transparent-header-meta":"","adv-header-id-meta":"","stick-header-meta":"","header-above-stick-meta":"","header-main-stick-meta":"","header-below-stick-meta":"","astra-migrate-meta-layouts":"default","ast-page-background-enabled":"default","ast-page-background-meta":{"desktop":{"background-color":"var(--ast-global-color-5)","background-image":"","background-repeat":"repeat","background-position":"center center","background-size":"auto","background-attachment":"scroll","background-type":"","background-media":"","overlay-type":"","overlay-color":"","overlay-opacity":"","overlay-gradient":""},"tablet":{"background-color":"","background-image":"","background-repeat":"repeat","background-position":"center center","background-size":"auto","background-attachment":"scroll","background-type":"","background-media":"","overlay-type":"","overlay-color":"","overlay-opacity":"","overlay-gradient":""},"mobile":{"background-color":"","background-image":"","background-repeat":"repeat","background-position":"center center","background-size":"auto","background-attachment":"scroll","background-type":"","background-media":"","overlay-type":"","overlay-color":"","overlay-opacity":"","overlay-gradient":""}},"ast-content-background-meta":{"desktop":{"background-color":"var(--ast-global-color-4)","background-image":"","background-repeat":"repeat","background-position":"center center","background-size":"auto","background-attachment":"scroll","background-type":"","background-media":"","overlay-type":"","overlay-color":"","overlay-opacity":"","overlay-gradient":""},"tablet":{"background-color":"var(--ast-global-color-4)","background-image":"","background-repeat":"repeat","background-position":"center center","background-size":"auto","background-attachment":"scroll","background-type":"","background-media":"","overlay-type":"","overlay-color":"","overlay-opacity":"","overlay-gradient":""},"mobile":{"background-color":"var(--ast-global-color-4)","background-image":"","background-repeat":"repeat","background-position":"center center","background-size":"auto","background-attachment":"scroll","background-type":"","background-media":"","overlay-type":"","overlay-color":"","overlay-opacity":"","overlay-gradient":""}},"footnotes":""},"class_list":["post-140","page","type-page","status-publish","hentry"],"yoast_head":"<!-- This site is optimized with the Yoast SEO plugin v26.9 - https:\/\/yoast.com\/product\/yoast-seo-wordpress\/ -->\n<title>KASANDRA - KASANDRA<\/title>\n<meta name=\"description\" content=\"Raumheilung von Wohngeb\u00e4uden, Wohnungen, Grundst\u00fccken, Stallungen, Firmenr\u00e4umen, Firmengeb\u00e4uden. Feinstoffliche Reinigung, Harmonisierung\" \/>\n<meta name=\"robots\" content=\"index, follow, max-snippet:-1, max-image-preview:large, max-video-preview:-1\" \/>\n<link rel=\"canonical\" href=\"https:\/\/karinsanden.de\/\" \/>\n<meta property=\"og:locale\" content=\"de_DE\" \/>\n<meta property=\"og:type\" content=\"article\" \/>\n<meta property=\"og:title\" content=\"KASANDRA - KASANDRA\" \/>\n<meta property=\"og:description\" content=\"Raumheilung von Wohngeb\u00e4uden, Wohnungen, Grundst\u00fccken, Stallungen, Firmenr\u00e4umen, Firmengeb\u00e4uden. Feinstoffliche Reinigung, Harmonisierung\" \/>\n<meta property=\"og:url\" content=\"https:\/\/karinsanden.de\/\" \/>\n<meta property=\"og:site_name\" content=\"KASANDRA\" \/>\n<meta property=\"article:modified_time\" content=\"2025-05-20T10:35:21+00:00\" \/>\n<meta property=\"og:image\" content=\"https:\/\/karinsanden.de\/wp-content\/uploads\/2025\/04\/Kasandra-1-e1746454310580.jpg\" \/>\n\t<meta property=\"og:image:width\" content=\"356\" \/>\n\t<meta property=\"og:image:height\" content=\"609\" \/>\n\t<meta property=\"og:image:type\" content=\"image\/jpeg\" \/>\n<meta name=\"twitter:card\" content=\"summary_large_image\" \/>\n<meta name=\"twitter:label1\" content=\"Gesch\u00e4tzte Lesezeit\" \/>\n\t<meta name=\"twitter:data1\" content=\"1\u00a0Minute\" \/>\n<script type=\"application\/ld+json\" class=\"yoast-schema-graph\">{\"@context\":\"https:\/\/schema.org\",\"@graph\":[{\"@type\":\"WebPage\",\"@id\":\"https:\/\/karinsanden.de\/\",\"url\":\"https:\/\/karinsanden.de\/\",\"name\":\"KASANDRA - KASANDRA\",\"isPartOf\":{\"@id\":\"https:\/\/karinsanden.de\/#website\"},\"primaryImageOfPage\":{\"@id\":\"https:\/\/karinsanden.de\/#primaryimage\"},\"image\":{\"@id\":\"https:\/\/karinsanden.de\/#primaryimage\"},\"thumbnailUrl\":\"https:\/\/karinsanden.de\/wp-content\/uploads\/2025\/04\/Kasandra-1-e1746454310580.jpg\",\"datePublished\":\"2025-04-25T13:16:42+00:00\",\"dateModified\":\"2025-05-20T10:35:21+00:00\",\"description\":\"Raumheilung von Wohngeb\u00e4uden, Wohnungen, Grundst\u00fccken, Stallungen, Firmenr\u00e4umen, Firmengeb\u00e4uden. Feinstoffliche Reinigung, Harmonisierung\",\"breadcrumb\":{\"@id\":\"https:\/\/karinsanden.de\/#breadcrumb\"},\"inLanguage\":\"de\",\"potentialAction\":[{\"@type\":\"ReadAction\",\"target\":[\"https:\/\/karinsanden.de\/\"]}]},{\"@type\":\"ImageObject\",\"inLanguage\":\"de\",\"@id\":\"https:\/\/karinsanden.de\/#primaryimage\",\"url\":\"https:\/\/karinsanden.de\/wp-content\/uploads\/2025\/04\/Kasandra-1-e1746454310580.jpg\",\"contentUrl\":\"https:\/\/karinsanden.de\/wp-content\/uploads\/2025\/04\/Kasandra-1-e1746454310580.jpg\",\"width\":356,\"height\":609,\"caption\":\"Screenshot\"},{\"@type\":\"BreadcrumbList\",\"@id\":\"https:\/\/karinsanden.de\/#breadcrumb\",\"itemListElement\":[{\"@type\":\"ListItem\",\"position\":1,\"name\":\"Startseite\",\"item\":\"https:\/\/karinsanden.de\/\"},{\"@type\":\"ListItem\",\"position\":2,\"name\":\"Beginn\"}]},{\"@type\":\"WebSite\",\"@id\":\"https:\/\/karinsanden.de\/#website\",\"url\":\"https:\/\/karinsanden.de\/\",\"name\":\"Karin Sanden\",\"description\":\"Karin Sanden Raumheilung\",\"publisher\":{\"@id\":\"https:\/\/karinsanden.de\/#organization\"},\"alternateName\":\"Kasandra\",\"potentialAction\":[{\"@type\":\"SearchAction\",\"target\":{\"@type\":\"EntryPoint\",\"urlTemplate\":\"https:\/\/karinsanden.de\/?s={search_term_string}\"},\"query-input\":{\"@type\":\"PropertyValueSpecification\",\"valueRequired\":true,\"valueName\":\"search_term_string\"}}],\"inLanguage\":\"de\"},{\"@type\":\"Organization\",\"@id\":\"https:\/\/karinsanden.de\/#organization\",\"name\":\"KASANDRA\",\"alternateName\":\"Karin Sanden Raumheilung\",\"url\":\"https:\/\/karinsanden.de\/\",\"logo\":{\"@type\":\"ImageObject\",\"inLanguage\":\"de\",\"@id\":\"https:\/\/karinsanden.de\/#\/schema\/logo\/image\/\",\"url\":\"https:\/\/karinsanden.de\/wp-content\/uploads\/2025\/04\/cropped-Karin_logo2.png\",\"contentUrl\":\"https:\/\/karinsanden.de\/wp-content\/uploads\/2025\/04\/cropped-Karin_logo2.png\",\"width\":512,\"height\":512,\"caption\":\"KASANDRA\"},\"image\":{\"@id\":\"https:\/\/karinsanden.de\/#\/schema\/logo\/image\/\"}}]}<\/script>\n<!-- \/ Yoast SEO plugin. -->","yoast_head_json":{"title":"KASANDRA - KASANDRA","description":"Raumheilung von Wohngeb\u00e4uden, Wohnungen, Grundst\u00fccken, Stallungen, Firmenr\u00e4umen, Firmengeb\u00e4uden. Feinstoffliche Reinigung, Harmonisierung","robots":{"index":"index","follow":"follow","max-snippet":"max-snippet:-1","max-image-preview":"max-image-preview:large","max-video-preview":"max-video-preview:-1"},"canonical":"https:\/\/karinsanden.de\/","og_locale":"de_DE","og_type":"article","og_title":"KASANDRA - KASANDRA","og_description":"Raumheilung von Wohngeb\u00e4uden, Wohnungen, Grundst\u00fccken, Stallungen, Firmenr\u00e4umen, Firmengeb\u00e4uden. Feinstoffliche Reinigung, Harmonisierung","og_url":"https:\/\/karinsanden.de\/","og_site_name":"KASANDRA","article_modified_time":"2025-05-20T10:35:21+00:00","og_image":[{"width":356,"height":609,"url":"https:\/\/karinsanden.de\/wp-content\/uploads\/2025\/04\/Kasandra-1-e1746454310580.jpg","type":"image\/jpeg"}],"twitter_card":"summary_large_image","twitter_misc":{"Gesch\u00e4tzte Lesezeit":"1\u00a0Minute"},"schema":{"@context":"https:\/\/schema.org","@graph":[{"@type":"WebPage","@id":"https:\/\/karinsanden.de\/","url":"https:\/\/karinsanden.de\/","name":"KASANDRA - KASANDRA","isPartOf":{"@id":"https:\/\/karinsanden.de\/#website"},"primaryImageOfPage":{"@id":"https:\/\/karinsanden.de\/#primaryimage"},"image":{"@id":"https:\/\/karinsanden.de\/#primaryimage"},"thumbnailUrl":"https:\/\/karinsanden.de\/wp-content\/uploads\/2025\/04\/Kasandra-1-e1746454310580.jpg","datePublished":"2025-04-25T13:16:42+00:00","dateModified":"2025-05-20T10:35:21+00:00","description":"Raumheilung von Wohngeb\u00e4uden, Wohnungen, Grundst\u00fccken, Stallungen, Firmenr\u00e4umen, Firmengeb\u00e4uden. Feinstoffliche Reinigung, Harmonisierung","breadcrumb":{"@id":"https:\/\/karinsanden.de\/#breadcrumb"},"inLanguage":"de","potentialAction":[{"@type":"ReadAction","target":["https:\/\/karinsanden.de\/"]}]},{"@type":"ImageObject","inLanguage":"de","@id":"https:\/\/karinsanden.de\/#primaryimage","url":"https:\/\/karinsanden.de\/wp-content\/uploads\/2025\/04\/Kasandra-1-e1746454310580.jpg","contentUrl":"https:\/\/karinsanden.de\/wp-content\/uploads\/2025\/04\/Kasandra-1-e1746454310580.jpg","width":356,"height":609,"caption":"Screenshot"},{"@type":"BreadcrumbList","@id":"https:\/\/karinsanden.de\/#breadcrumb","itemListElement":[{"@type":"ListItem","position":1,"name":"Startseite","item":"https:\/\/karinsanden.de\/"},{"@type":"ListItem","position":2,"name":"Beginn"}]},{"@type":"WebSite","@id":"https:\/\/karinsanden.de\/#website","url":"https:\/\/karinsanden.de\/","name":"Karin Sanden","description":"Karin Sanden Raumheilung","publisher":{"@id":"https:\/\/karinsanden.de\/#organization"},"alternateName":"Kasandra","potentialAction":[{"@type":"SearchAction","target":{"@type":"EntryPoint","urlTemplate":"https:\/\/karinsanden.de\/?s={search_term_string}"},"query-input":{"@type":"PropertyValueSpecification","valueRequired":true,"valueName":"search_term_string"}}],"inLanguage":"de"},{"@type":"Organization","@id":"https:\/\/karinsanden.de\/#organization","name":"KASANDRA","alternateName":"Karin Sanden Raumheilung","url":"https:\/\/karinsanden.de\/","logo":{"@type":"ImageObject","inLanguage":"de","@id":"https:\/\/karinsanden.de\/#\/schema\/logo\/image\/","url":"https:\/\/karinsanden.de\/wp-content\/uploads\/2025\/04\/cropped-Karin_logo2.png","contentUrl":"https:\/\/karinsanden.de\/wp-content\/uploads\/2025\/04\/cropped-Karin_logo2.png","width":512,"height":512,"caption":"KASANDRA"},"image":{"@id":"https:\/\/karinsanden.de\/#\/schema\/logo\/image\/"}}]}},"_links":{"self":[{"href":"https:\/\/karinsanden.de\/index.php?rest_route=\/wp\/v2\/pages\/140","targetHints":{"allow":["GET"]}}],"collection":[{"href":"https:\/\/karinsanden.de\/index.php?rest_route=\/wp\/v2\/pages"}],"about":[{"href":"https:\/\/karinsanden.de\/index.php?rest_route=\/wp\/v2\/types\/page"}],"author":[{"embeddable":true,"href":"https:\/\/karinsanden.de\/index.php?rest_route=\/wp\/v2\/users\/1"}],"replies":[{"embeddable":true,"href":"https:\/\/karinsanden.de\/index.php?rest_route=%2Fwp%2Fv2%2Fcomments&post=140"}],"version-history":[{"count":34,"href":"https:\/\/karinsanden.de\/index.php?rest_route=\/wp\/v2\/pages\/140\/revisions"}],"predecessor-version":[{"id":341,"href":"https:\/\/karinsanden.de\/index.php?rest_route=\/wp\/v2\/pages\/140\/revisions\/341"}],"wp:attachment":[{"href":"https:\/\/karinsanden.de\/index.php?rest_route=%2Fwp%2Fv2%2Fmedia&parent=140"}],"curies":[{"name":"wp","href":"https:\/\/api.w.org\/{rel}","templated":true}]}}