{"id":186,"date":"2025-04-29T11:24:22","date_gmt":"2025-04-29T11:24:22","guid":{"rendered":"https:\/\/karinsanden.de\/?page_id=186"},"modified":"2025-05-05T14:57:32","modified_gmt":"2025-05-05T14:57:32","slug":"idee","status":"publish","type":"page","link":"https:\/\/karinsanden.de\/?page_id=186","title":{"rendered":"Idee"},"content":{"rendered":"\n<div class=\"wp-block-group is-layout-constrained wp-block-group-is-layout-constrained\">\n<div class=\"wp-block-columns is-layout-flex wp-container-core-columns-is-layout-28f84493 wp-block-columns-is-layout-flex\">\n<div class=\"wp-block-column is-layout-flow wp-block-column-is-layout-flow\" style=\"flex-basis:66.66%\">\n<div class=\"wp-block-columns is-layout-flex wp-container-core-columns-is-layout-28f84493 wp-block-columns-is-layout-flex\">\n<div class=\"wp-block-column is-layout-flow wp-block-column-is-layout-flow\">\n<div class=\"wp-block-columns is-layout-flex wp-container-core-columns-is-layout-28f84493 wp-block-columns-is-layout-flex\">\n<div class=\"wp-block-column is-vertically-aligned-center is-layout-constrained wp-container-core-column-is-layout-c8431ee3 wp-block-column-is-layout-constrained\" style=\"flex-basis:200px\">\n<div class=\"wp-block-group is-vertical is-layout-flex wp-container-core-group-is-layout-fe9cc265 wp-block-group-is-layout-flex\">\n<div class=\"wp-block-group is-layout-constrained wp-block-group-is-layout-constrained\">\n<h4 class=\"wp-block-heading has-text-align-left\"><br>In <\/h4>\n<\/div>\n\n\n\n<p class=\"has-text-align-left has-black-color has-text-color has-link-color has-medium-font-size wp-elements-dd93cc67b27697981da6f10c76c4c33a wp-container-content-69bc4bdf\"><em>Erstarrtes <br>Krankes <br>Totes <br>Fremdes <br>Verdrehtes <br>Zorn <br>Angst <br>Bindung <\/em><\/p>\n<\/div>\n<\/div>\n\n\n\n<div class=\"wp-block-column is-vertically-aligned-bottom is-layout-constrained wp-container-core-column-is-layout-c8431ee3 wp-block-column-is-layout-constrained\" style=\"flex-basis:200px\">\n<h4 class=\"wp-block-heading has-text-align-left\">Gebe ich hinein<\/h4>\n\n\n\n<p class=\"has-text-align-left has-black-color has-text-color has-link-color has-medium-font-size wp-elements-5d8c80b158d7b46c0c2a7040ed382ee5\"><em>Flie\u00dfen<br>Heilung<br>Belebung<br>Vertrauen<br>Ordnung<br>Friedfertigkeit<br>Mut<br>Freiheit<\/em><\/p>\n<\/div>\n<\/div>\n<\/div>\n<\/div>\n\n\n\n<h4 class=\"wp-block-heading\"><br><br>Im Abzielen auf die Mitte durch Ausgleich<\/h4>\n<\/div>\n\n\n\n<div class=\"wp-block-column is-layout-flow wp-block-column-is-layout-flow\" style=\"flex-basis:33.33%\">\n<p class=\"has-text-align-left\"><\/p>\n\n\n\n<figure class=\"wp-block-image alignwide size-large has-custom-border is-style-rounded\" style=\"margin-top:0;margin-right:0;margin-bottom:0;margin-left:0\"><img loading=\"lazy\" decoding=\"async\" width=\"1024\" height=\"576\" src=\"https:\/\/karinsanden.de\/wp-content\/uploads\/2025\/05\/P1090714-1024x576.jpg\" alt=\"\" class=\"wp-image-333\" style=\"border-style:none;border-width:0px;border-radius:12px\" srcset=\"https:\/\/karinsanden.de\/wp-content\/uploads\/2025\/05\/P1090714-1024x576.jpg 1024w, https:\/\/karinsanden.de\/wp-content\/uploads\/2025\/05\/P1090714-300x169.jpg 300w, https:\/\/karinsanden.de\/wp-content\/uploads\/2025\/05\/P1090714-768x432.jpg 768w, https:\/\/karinsanden.de\/wp-content\/uploads\/2025\/05\/P1090714-1536x864.jpg 1536w, https:\/\/karinsanden.de\/wp-content\/uploads\/2025\/05\/P1090714-2048x1152.jpg 2048w\" sizes=\"auto, (max-width: 1024px) 100vw, 1024px\" \/><\/figure>\n\n\n\n<figure class=\"wp-block-image size-large\"><img loading=\"lazy\" decoding=\"async\" width=\"1024\" height=\"576\" src=\"https:\/\/karinsanden.de\/wp-content\/uploads\/2025\/05\/P1090735-1024x576.jpg\" alt=\"\" class=\"wp-image-336\" srcset=\"https:\/\/karinsanden.de\/wp-content\/uploads\/2025\/05\/P1090735-1024x576.jpg 1024w, https:\/\/karinsanden.de\/wp-content\/uploads\/2025\/05\/P1090735-300x169.jpg 300w, https:\/\/karinsanden.de\/wp-content\/uploads\/2025\/05\/P1090735-768x432.jpg 768w, https:\/\/karinsanden.de\/wp-content\/uploads\/2025\/05\/P1090735-1536x864.jpg 1536w, https:\/\/karinsanden.de\/wp-content\/uploads\/2025\/05\/P1090735-2048x1152.jpg 2048w\" sizes=\"auto, (max-width: 1024px) 100vw, 1024px\" \/><\/figure>\n<\/div>\n<\/div>\n\n\n\n<h4 class=\"wp-block-heading has-text-align-left\">Es bleibt eine Raumsituation der Ruhe und Lebendigkeit in einem<br><\/h4>\n<\/div>\n\n\n\n<h4 class=\"wp-block-heading has-text-align-left\"><\/h4>\n\n\n\n<p><\/p>\n","protected":false},"excerpt":{"rendered":"<p>In Erstarrtes Krankes Totes Fremdes Verdrehtes Zorn Angst Bindung Gebe ich hinein Flie\u00dfenHeilungBelebungVertrauenOrdnungFriedfertigkeitMutFreiheit Im Abzielen auf die Mitte durch Ausgleich [&hellip;]<\/p>\n","protected":false},"author":1,"featured_media":0,"parent":0,"menu_order":10,"comment_status":"closed","ping_status":"closed","template":"","meta":{"site-sidebar-layout":"default","site-content-layout":"","ast-site-content-layout":"","site-content-style":"default","site-sidebar-style":"default","ast-global-header-display":"","ast-banner-title-visibility":"","ast-main-header-display":"","ast-hfb-above-header-display":"","ast-hfb-below-header-display":"","ast-hfb-mobile-header-display":"","site-post-title":"disabled","ast-breadcrumbs-content":"","ast-featured-img":"","footer-sml-layout":"","ast-disable-related-posts":"","theme-transparent-header-meta":"","adv-header-id-meta":"","stick-header-meta":"","header-above-stick-meta":"","header-main-stick-meta":"","header-below-stick-meta":"","astra-migrate-meta-layouts":"default","ast-page-background-enabled":"default","ast-page-background-meta":{"desktop":{"background-color":"var(--ast-global-color-5)","background-image":"","background-repeat":"repeat","background-position":"center center","background-size":"auto","background-attachment":"scroll","background-type":"","background-media":"","overlay-type":"","overlay-color":"","overlay-opacity":"","overlay-gradient":""},"tablet":{"background-color":"","background-image":"","background-repeat":"repeat","background-position":"center center","background-size":"auto","background-attachment":"scroll","background-type":"","background-media":"","overlay-type":"","overlay-color":"","overlay-opacity":"","overlay-gradient":""},"mobile":{"background-color":"","background-image":"","background-repeat":"repeat","background-position":"center center","background-size":"auto","background-attachment":"scroll","background-type":"","background-media":"","overlay-type":"","overlay-color":"","overlay-opacity":"","overlay-gradient":""}},"ast-content-background-meta":{"desktop":{"background-color":"var(--ast-global-color-4)","background-image":"","background-repeat":"repeat","background-position":"center center","background-size":"auto","background-attachment":"scroll","background-type":"","background-media":"","overlay-type":"","overlay-color":"","overlay-opacity":"","overlay-gradient":""},"tablet":{"background-color":"var(--ast-global-color-4)","background-image":"","background-repeat":"repeat","background-position":"center center","background-size":"auto","background-attachment":"scroll","background-type":"","background-media":"","overlay-type":"","overlay-color":"","overlay-opacity":"","overlay-gradient":""},"mobile":{"background-color":"var(--ast-global-color-4)","background-image":"","background-repeat":"repeat","background-position":"center center","background-size":"auto","background-attachment":"scroll","background-type":"","background-media":"","overlay-type":"","overlay-color":"","overlay-opacity":"","overlay-gradient":""}},"footnotes":""},"class_list":["post-186","page","type-page","status-publish","hentry"],"yoast_head":"<!-- This site is optimized with the Yoast SEO plugin v26.9 - https:\/\/yoast.com\/product\/yoast-seo-wordpress\/ -->\n<title>KASANDRA - KASANDRA<\/title>\n<meta name=\"description\" content=\"Kasandra - Karin Sanden Raumheilung -Bereinigung von St\u00f6rungen durch \u00e4u\u00dferliche Einfl\u00fcsse wie z.Bp. Wasseradern, Harmonisierung der Kraftstr\u00f6me in R\u00e4umen, Wiederherstellung lebendiger Energie\" \/>\n<meta name=\"robots\" content=\"index, follow, max-snippet:-1, max-image-preview:large, max-video-preview:-1\" \/>\n<link rel=\"canonical\" href=\"https:\/\/karinsanden.de\/?page_id=186\" \/>\n<meta property=\"og:locale\" content=\"de_DE\" \/>\n<meta property=\"og:type\" content=\"article\" \/>\n<meta property=\"og:title\" content=\"KASANDRA - KASANDRA\" \/>\n<meta property=\"og:description\" content=\"Kasandra - Karin Sanden Raumheilung -Bereinigung von St\u00f6rungen durch \u00e4u\u00dferliche Einfl\u00fcsse wie z.Bp. Wasseradern, Harmonisierung der Kraftstr\u00f6me in R\u00e4umen, Wiederherstellung lebendiger Energie\" \/>\n<meta property=\"og:url\" content=\"https:\/\/karinsanden.de\/?page_id=186\" \/>\n<meta property=\"og:site_name\" content=\"KASANDRA\" \/>\n<meta property=\"article:modified_time\" content=\"2025-05-05T14:57:32+00:00\" \/>\n<meta property=\"og:image\" content=\"https:\/\/karinsanden.de\/wp-content\/uploads\/2025\/05\/P1090714-scaled.jpg\" \/>\n\t<meta property=\"og:image:width\" content=\"2560\" \/>\n\t<meta property=\"og:image:height\" content=\"1440\" \/>\n\t<meta property=\"og:image:type\" content=\"image\/jpeg\" \/>\n<meta name=\"twitter:card\" content=\"summary_large_image\" \/>\n<script type=\"application\/ld+json\" class=\"yoast-schema-graph\">{\"@context\":\"https:\/\/schema.org\",\"@graph\":[{\"@type\":\"WebPage\",\"@id\":\"https:\/\/karinsanden.de\/?page_id=186\",\"url\":\"https:\/\/karinsanden.de\/?page_id=186\",\"name\":\"KASANDRA - KASANDRA\",\"isPartOf\":{\"@id\":\"https:\/\/karinsanden.de\/#website\"},\"primaryImageOfPage\":{\"@id\":\"https:\/\/karinsanden.de\/?page_id=186#primaryimage\"},\"image\":{\"@id\":\"https:\/\/karinsanden.de\/?page_id=186#primaryimage\"},\"thumbnailUrl\":\"https:\/\/karinsanden.de\/wp-content\/uploads\/2025\/05\/P1090714-1024x576.jpg\",\"datePublished\":\"2025-04-29T11:24:22+00:00\",\"dateModified\":\"2025-05-05T14:57:32+00:00\",\"description\":\"Kasandra - Karin Sanden Raumheilung -Bereinigung von St\u00f6rungen durch \u00e4u\u00dferliche Einfl\u00fcsse wie z.Bp. Wasseradern, Harmonisierung der Kraftstr\u00f6me in R\u00e4umen, Wiederherstellung lebendiger Energie\",\"breadcrumb\":{\"@id\":\"https:\/\/karinsanden.de\/?page_id=186#breadcrumb\"},\"inLanguage\":\"de\",\"potentialAction\":[{\"@type\":\"ReadAction\",\"target\":[\"https:\/\/karinsanden.de\/?page_id=186\"]}]},{\"@type\":\"ImageObject\",\"inLanguage\":\"de\",\"@id\":\"https:\/\/karinsanden.de\/?page_id=186#primaryimage\",\"url\":\"https:\/\/karinsanden.de\/wp-content\/uploads\/2025\/05\/P1090714-scaled.jpg\",\"contentUrl\":\"https:\/\/karinsanden.de\/wp-content\/uploads\/2025\/05\/P1090714-scaled.jpg\",\"width\":2560,\"height\":1440},{\"@type\":\"BreadcrumbList\",\"@id\":\"https:\/\/karinsanden.de\/?page_id=186#breadcrumb\",\"itemListElement\":[{\"@type\":\"ListItem\",\"position\":1,\"name\":\"Startseite\",\"item\":\"https:\/\/karinsanden.de\/\"},{\"@type\":\"ListItem\",\"position\":2,\"name\":\"Idee\"}]},{\"@type\":\"WebSite\",\"@id\":\"https:\/\/karinsanden.de\/#website\",\"url\":\"https:\/\/karinsanden.de\/\",\"name\":\"Karin Sanden\",\"description\":\"Karin Sanden Raumheilung\",\"publisher\":{\"@id\":\"https:\/\/karinsanden.de\/#organization\"},\"alternateName\":\"Kasandra\",\"potentialAction\":[{\"@type\":\"SearchAction\",\"target\":{\"@type\":\"EntryPoint\",\"urlTemplate\":\"https:\/\/karinsanden.de\/?s={search_term_string}\"},\"query-input\":{\"@type\":\"PropertyValueSpecification\",\"valueRequired\":true,\"valueName\":\"search_term_string\"}}],\"inLanguage\":\"de\"},{\"@type\":\"Organization\",\"@id\":\"https:\/\/karinsanden.de\/#organization\",\"name\":\"KASANDRA\",\"alternateName\":\"Karin Sanden Raumheilung\",\"url\":\"https:\/\/karinsanden.de\/\",\"logo\":{\"@type\":\"ImageObject\",\"inLanguage\":\"de\",\"@id\":\"https:\/\/karinsanden.de\/#\/schema\/logo\/image\/\",\"url\":\"https:\/\/karinsanden.de\/wp-content\/uploads\/2025\/04\/cropped-Karin_logo2.png\",\"contentUrl\":\"https:\/\/karinsanden.de\/wp-content\/uploads\/2025\/04\/cropped-Karin_logo2.png\",\"width\":512,\"height\":512,\"caption\":\"KASANDRA\"},\"image\":{\"@id\":\"https:\/\/karinsanden.de\/#\/schema\/logo\/image\/\"}}]}<\/script>\n<!-- \/ Yoast SEO plugin. -->","yoast_head_json":{"title":"KASANDRA - KASANDRA","description":"Kasandra - Karin Sanden Raumheilung -Bereinigung von St\u00f6rungen durch \u00e4u\u00dferliche Einfl\u00fcsse wie z.Bp. Wasseradern, Harmonisierung der Kraftstr\u00f6me in R\u00e4umen, Wiederherstellung lebendiger Energie","robots":{"index":"index","follow":"follow","max-snippet":"max-snippet:-1","max-image-preview":"max-image-preview:large","max-video-preview":"max-video-preview:-1"},"canonical":"https:\/\/karinsanden.de\/?page_id=186","og_locale":"de_DE","og_type":"article","og_title":"KASANDRA - KASANDRA","og_description":"Kasandra - Karin Sanden Raumheilung -Bereinigung von St\u00f6rungen durch \u00e4u\u00dferliche Einfl\u00fcsse wie z.Bp. Wasseradern, Harmonisierung der Kraftstr\u00f6me in R\u00e4umen, Wiederherstellung lebendiger Energie","og_url":"https:\/\/karinsanden.de\/?page_id=186","og_site_name":"KASANDRA","article_modified_time":"2025-05-05T14:57:32+00:00","og_image":[{"width":2560,"height":1440,"url":"https:\/\/karinsanden.de\/wp-content\/uploads\/2025\/05\/P1090714-scaled.jpg","type":"image\/jpeg"}],"twitter_card":"summary_large_image","schema":{"@context":"https:\/\/schema.org","@graph":[{"@type":"WebPage","@id":"https:\/\/karinsanden.de\/?page_id=186","url":"https:\/\/karinsanden.de\/?page_id=186","name":"KASANDRA - KASANDRA","isPartOf":{"@id":"https:\/\/karinsanden.de\/#website"},"primaryImageOfPage":{"@id":"https:\/\/karinsanden.de\/?page_id=186#primaryimage"},"image":{"@id":"https:\/\/karinsanden.de\/?page_id=186#primaryimage"},"thumbnailUrl":"https:\/\/karinsanden.de\/wp-content\/uploads\/2025\/05\/P1090714-1024x576.jpg","datePublished":"2025-04-29T11:24:22+00:00","dateModified":"2025-05-05T14:57:32+00:00","description":"Kasandra - Karin Sanden Raumheilung -Bereinigung von St\u00f6rungen durch \u00e4u\u00dferliche Einfl\u00fcsse wie z.Bp. Wasseradern, Harmonisierung der Kraftstr\u00f6me in R\u00e4umen, Wiederherstellung lebendiger Energie","breadcrumb":{"@id":"https:\/\/karinsanden.de\/?page_id=186#breadcrumb"},"inLanguage":"de","potentialAction":[{"@type":"ReadAction","target":["https:\/\/karinsanden.de\/?page_id=186"]}]},{"@type":"ImageObject","inLanguage":"de","@id":"https:\/\/karinsanden.de\/?page_id=186#primaryimage","url":"https:\/\/karinsanden.de\/wp-content\/uploads\/2025\/05\/P1090714-scaled.jpg","contentUrl":"https:\/\/karinsanden.de\/wp-content\/uploads\/2025\/05\/P1090714-scaled.jpg","width":2560,"height":1440},{"@type":"BreadcrumbList","@id":"https:\/\/karinsanden.de\/?page_id=186#breadcrumb","itemListElement":[{"@type":"ListItem","position":1,"name":"Startseite","item":"https:\/\/karinsanden.de\/"},{"@type":"ListItem","position":2,"name":"Idee"}]},{"@type":"WebSite","@id":"https:\/\/karinsanden.de\/#website","url":"https:\/\/karinsanden.de\/","name":"Karin Sanden","description":"Karin Sanden Raumheilung","publisher":{"@id":"https:\/\/karinsanden.de\/#organization"},"alternateName":"Kasandra","potentialAction":[{"@type":"SearchAction","target":{"@type":"EntryPoint","urlTemplate":"https:\/\/karinsanden.de\/?s={search_term_string}"},"query-input":{"@type":"PropertyValueSpecification","valueRequired":true,"valueName":"search_term_string"}}],"inLanguage":"de"},{"@type":"Organization","@id":"https:\/\/karinsanden.de\/#organization","name":"KASANDRA","alternateName":"Karin Sanden Raumheilung","url":"https:\/\/karinsanden.de\/","logo":{"@type":"ImageObject","inLanguage":"de","@id":"https:\/\/karinsanden.de\/#\/schema\/logo\/image\/","url":"https:\/\/karinsanden.de\/wp-content\/uploads\/2025\/04\/cropped-Karin_logo2.png","contentUrl":"https:\/\/karinsanden.de\/wp-content\/uploads\/2025\/04\/cropped-Karin_logo2.png","width":512,"height":512,"caption":"KASANDRA"},"image":{"@id":"https:\/\/karinsanden.de\/#\/schema\/logo\/image\/"}}]}},"_links":{"self":[{"href":"https:\/\/karinsanden.de\/index.php?rest_route=\/wp\/v2\/pages\/186","targetHints":{"allow":["GET"]}}],"collection":[{"href":"https:\/\/karinsanden.de\/index.php?rest_route=\/wp\/v2\/pages"}],"about":[{"href":"https:\/\/karinsanden.de\/index.php?rest_route=\/wp\/v2\/types\/page"}],"author":[{"embeddable":true,"href":"https:\/\/karinsanden.de\/index.php?rest_route=\/wp\/v2\/users\/1"}],"replies":[{"embeddable":true,"href":"https:\/\/karinsanden.de\/index.php?rest_route=%2Fwp%2Fv2%2Fcomments&post=186"}],"version-history":[{"count":22,"href":"https:\/\/karinsanden.de\/index.php?rest_route=\/wp\/v2\/pages\/186\/revisions"}],"predecessor-version":[{"id":344,"href":"https:\/\/karinsanden.de\/index.php?rest_route=\/wp\/v2\/pages\/186\/revisions\/344"}],"wp:attachment":[{"href":"https:\/\/karinsanden.de\/index.php?rest_route=%2Fwp%2Fv2%2Fmedia&parent=186"}],"curies":[{"name":"wp","href":"https:\/\/api.w.org\/{rel}","templated":true}]}}