{"id":19,"date":"2025-04-18T14:03:22","date_gmt":"2025-04-18T14:03:22","guid":{"rendered":"https:\/\/karinsanden.de\/?page_id=19"},"modified":"2025-05-11T12:50:30","modified_gmt":"2025-05-11T12:50:30","slug":"ueber-mich","status":"publish","type":"page","link":"https:\/\/karinsanden.de\/?page_id=19","title":{"rendered":"Persona"},"content":{"rendered":"\n<div class=\"wp-block-group is-layout-flow wp-block-group-is-layout-flow\">\n<div class=\"wp-block-media-text has-media-on-the-right is-stacked-on-mobile is-vertically-aligned-bottom\" style=\"grid-template-columns:auto 27%\"><div class=\"wp-block-media-text__content\">\n<p class=\"has-black-color has-text-color has-link-color has-medium-font-size wp-elements-9ea9de3557edab6b4469dff93e6affdc\"><\/p>\n\n\n\n<h5 class=\"wp-block-heading has-text-align-center\">Heilung ist Herzwerk \u2013 geistiges Handwerk \u2013 Entwicklungsarbeit.<br><br>Keines dieser Drei ist entbehrlich.<\/h5>\n\n\n\n<p class=\"has-black-color has-white-background-color has-text-color has-background has-link-color wp-elements-9d2ab7d78bcc706cf395d0e62c271907\">Nach Jahren des Lernens und \u00dcbens;<br>im unterst\u00fctzenden Umgang mit Menschen und Tieren;<br>durch Wahrnehmen, Erkennen und Ordnen von Kraftstr\u00f6men;<br>ist nun die Zeit, meine Berufung zum Beruf werden zu lassen.<br><br>Physische Umwelt und deren Energien wirken stets auf die Menschen.<br>Wohnr\u00e4ume, Arbeitsr\u00e4ume und Grundst\u00fccke zu heilen,<br>kann Ausgang eines Weges der Entwicklung f\u00fcr den Menschen sein;<br>oder man schl\u00e4ft einfach nur besser.<br><br>Nun biete ich an in einem ersten Schritt:<br>Haus-, Gesch\u00e4fts- und Grundst\u00fccksheilungen nach Andui Vastu.<\/p>\n<\/div><figure class=\"wp-block-media-text__media\"><img loading=\"lazy\" decoding=\"async\" width=\"576\" height=\"1024\" src=\"https:\/\/karinsanden.de\/wp-content\/uploads\/2025\/05\/P1090675-576x1024.jpg\" alt=\"\" class=\"wp-image-304 size-full\" srcset=\"https:\/\/karinsanden.de\/wp-content\/uploads\/2025\/05\/P1090675-576x1024.jpg 576w, https:\/\/karinsanden.de\/wp-content\/uploads\/2025\/05\/P1090675-169x300.jpg 169w, https:\/\/karinsanden.de\/wp-content\/uploads\/2025\/05\/P1090675-768x1365.jpg 768w, https:\/\/karinsanden.de\/wp-content\/uploads\/2025\/05\/P1090675-864x1536.jpg 864w, https:\/\/karinsanden.de\/wp-content\/uploads\/2025\/05\/P1090675-1152x2048.jpg 1152w, https:\/\/karinsanden.de\/wp-content\/uploads\/2025\/05\/P1090675-scaled.jpg 1440w\" sizes=\"auto, (max-width: 576px) 100vw, 576px\" \/><\/figure><\/div>\n<\/div>\n\n\n\n<h4 class=\"wp-block-heading has-text-align-center\"><br><\/h4>\n\n\n\n<p><\/p>\n\n\n\n<h5 class=\"wp-block-heading has-text-align-center\">Entdeckung der F\u00e4higkeiten \u2013 Erinnerung des Wissens \u2013 Impulse f\u00fcr meine Arbeit<br>erhielt und erhalte ich von:<br><br><\/h5>\n\n\n\n<p class=\"has-text-align-center has-black-color has-text-color has-link-color wp-elements-209d9cafa32eb50aa580951d1471988f\"><strong>\u2022 Doris Ilg-Hewelt &#8211; Aromainstitut am See<\/strong><\/p>\n\n\n\n<h6 class=\"wp-block-heading has-text-align-center\">Ausbildung &#8222;Aromaexpertin \u00e4rztlich gepr\u00fcft&#8220;<br><br><\/h6>\n\n\n\n<p class=\"has-text-align-center has-black-color has-text-color has-link-color wp-elements-990dcbaac7193a7d1b0ae3ee8c23d28d\"><strong>\u2022 Anne H\u00fcbner<\/strong><\/p>\n\n\n\n<h6 class=\"wp-block-heading has-text-align-center\">Ausbildung zur Begradigungsheilerin<br><br><\/h6>\n\n\n\n<p class=\"has-text-align-center has-black-color has-text-color has-link-color wp-elements-df8c74ce3612fc148f00ecc2776bea60\"><strong>\u2022 Andreas Indra Kaus<\/strong><\/p>\n\n\n\n<h6 class=\"wp-block-heading has-text-align-center\">Vikara, Hellwahrnehmungsausbildung, Vikara Vastu Raumheilung, Ausbildung zum<\/h6>\n\n\n\n<h6 class=\"wp-block-heading has-text-align-center\">Spiritual Leader, erste Heilerausbildung, Vikara Matrix Chriurgie<br><br><\/h6>\n\n\n\n<p class=\"has-text-align-center has-black-color has-text-color has-link-color wp-elements-e479ce3802cb09cc43c7ff57b1b2dced\"><strong>\u2022 Sylah Kaus \/ Mathilde Fontana<\/strong><\/p>\n\n\n\n<h6 class=\"wp-block-heading has-text-align-center\">Inspiration und Vorbilder meiner Heil- und Entwicklungsarbeit<br><br> Umfassende Heilerausbildung, Andui Matrix Chirurgie, erweiterte Nutzung der<\/h6>\n\n\n\n<h6 class=\"wp-block-heading has-text-align-center\">feinstofflichen Sch\u00f6pfungssubstanz (Andui-Substanz), Andui Vastu Raumheilung<br><br><\/h6>\n\n\n\n<p class=\"has-text-align-center has-black-color has-text-color has-link-color wp-elements-3e76166f6d70046ac2905140e6be44dd\"><strong>\u2022 Annegret Schmitz \/ Gipfelst\u00fcrmer Institut<\/strong><\/p>\n\n\n\n<h6 class=\"wp-block-heading has-text-align-center\">Vermittlung von Techniken f\u00fcr Entwicklungs- und Heilarbeit mittels Quanten Wellen<br><br><\/h6>\n\n\n\n<div style=\"height:57px\" aria-hidden=\"true\" class=\"wp-block-spacer\"><\/div>\n\n\n\n<div class=\"wp-block-media-text has-media-on-the-right is-stacked-on-mobile is-vertically-aligned-top is-image-fill-element\" style=\"grid-template-columns:auto 51%\"><div class=\"wp-block-media-text__content\">\n<h5 class=\"wp-block-heading\"><\/h5>\n\n\n\n<p>Fragen, W\u00fcnsche, Gedanken sind herzlich willkommen; <br>sprechen Sie mich an.<br><br>Hierf\u00fcr bitte ich um eine kurze Nachricht  an: <br>info@karinsanden.de<\/p>\n\n\n\n<p><br>Karin Sanden<br>Gomaringen<br><\/p>\n<\/div><figure class=\"wp-block-media-text__media\"><img loading=\"lazy\" decoding=\"async\" width=\"1024\" height=\"738\" src=\"https:\/\/karinsanden.de\/wp-content\/uploads\/2025\/05\/P1090709-scaled-e1746966190928-1024x738.jpg\" alt=\"\" class=\"wp-image-281 size-full\" style=\"object-position:50% 50%\" srcset=\"https:\/\/karinsanden.de\/wp-content\/uploads\/2025\/05\/P1090709-scaled-e1746966190928-1024x738.jpg 1024w, https:\/\/karinsanden.de\/wp-content\/uploads\/2025\/05\/P1090709-scaled-e1746966190928-300x216.jpg 300w, https:\/\/karinsanden.de\/wp-content\/uploads\/2025\/05\/P1090709-scaled-e1746966190928-768x554.jpg 768w, https:\/\/karinsanden.de\/wp-content\/uploads\/2025\/05\/P1090709-scaled-e1746966190928-1536x1107.jpg 1536w, https:\/\/karinsanden.de\/wp-content\/uploads\/2025\/05\/P1090709-scaled-e1746966190928.jpg 1984w\" sizes=\"auto, (max-width: 1024px) 100vw, 1024px\" \/><\/figure><\/div>\n\n\n\n<h5 class=\"wp-block-heading\"><\/h5>\n\n\n\n<p><\/p>\n","protected":false},"excerpt":{"rendered":"<p>Heilung ist Herzwerk \u2013 geistiges Handwerk \u2013 Entwicklungsarbeit. Keines dieser Drei ist entbehrlich. Nach Jahren des Lernens und \u00dcbens;im unterst\u00fctzenden [&hellip;]<\/p>\n","protected":false},"author":1,"featured_media":0,"parent":0,"menu_order":50,"comment_status":"closed","ping_status":"closed","template":"","meta":{"site-sidebar-layout":"default","site-content-layout":"","ast-site-content-layout":"","site-content-style":"boxed","site-sidebar-style":"default","ast-global-header-display":"","ast-banner-title-visibility":"","ast-main-header-display":"","ast-hfb-above-header-display":"","ast-hfb-below-header-display":"","ast-hfb-mobile-header-display":"","site-post-title":"disabled","ast-breadcrumbs-content":"","ast-featured-img":"","footer-sml-layout":"","ast-disable-related-posts":"","theme-transparent-header-meta":"","adv-header-id-meta":"","stick-header-meta":"","header-above-stick-meta":"","header-main-stick-meta":"","header-below-stick-meta":"","astra-migrate-meta-layouts":"default","ast-page-background-enabled":"default","ast-page-background-meta":{"desktop":{"background-color":"var(--ast-global-color-5)","background-image":"","background-repeat":"repeat","background-position":"center center","background-size":"auto","background-attachment":"scroll","background-type":"","background-media":"","overlay-type":"","overlay-color":"","overlay-opacity":"","overlay-gradient":""},"tablet":{"background-color":"","background-image":"","background-repeat":"repeat","background-position":"center center","background-size":"auto","background-attachment":"scroll","background-type":"","background-media":"","overlay-type":"","overlay-color":"","overlay-opacity":"","overlay-gradient":""},"mobile":{"background-color":"","background-image":"","background-repeat":"repeat","background-position":"center center","background-size":"auto","background-attachment":"scroll","background-type":"","background-media":"","overlay-type":"","overlay-color":"","overlay-opacity":"","overlay-gradient":""}},"ast-content-background-meta":{"desktop":{"background-color":"var(--ast-global-color-4)","background-image":"","background-repeat":"repeat","background-position":"center center","background-size":"auto","background-attachment":"scroll","background-type":"","background-media":"","overlay-type":"","overlay-color":"","overlay-opacity":"","overlay-gradient":""},"tablet":{"background-color":"var(--ast-global-color-4)","background-image":"","background-repeat":"repeat","background-position":"center center","background-size":"auto","background-attachment":"scroll","background-type":"","background-media":"","overlay-type":"","overlay-color":"","overlay-opacity":"","overlay-gradient":""},"mobile":{"background-color":"var(--ast-global-color-4)","background-image":"","background-repeat":"repeat","background-position":"center center","background-size":"auto","background-attachment":"scroll","background-type":"","background-media":"","overlay-type":"","overlay-color":"","overlay-opacity":"","overlay-gradient":""}},"footnotes":""},"class_list":["post-19","page","type-page","status-publish","hentry"],"yoast_head":"<!-- This site is optimized with the Yoast SEO plugin v26.9 - https:\/\/yoast.com\/product\/yoast-seo-wordpress\/ -->\n<title>KASANDRA - KASANDRA<\/title>\n<meta name=\"description\" content=\"Kasandra - Karin Sanden Raumheilung -Bereinigung von St\u00f6rungen durch \u00e4u\u00dferliche Einfl\u00fcsse wie z.Bp. Wasseradern, Harmonisierung der Kraftstr\u00f6me in R\u00e4umen, Wiederherstellung lebendiger Energie\" \/>\n<meta name=\"robots\" content=\"index, follow, max-snippet:-1, max-image-preview:large, max-video-preview:-1\" \/>\n<link rel=\"canonical\" href=\"https:\/\/karinsanden.de\/?page_id=19\" \/>\n<meta property=\"og:locale\" content=\"de_DE\" \/>\n<meta property=\"og:type\" content=\"article\" \/>\n<meta property=\"og:title\" content=\"KASANDRA - KASANDRA\" \/>\n<meta property=\"og:description\" content=\"Kasandra - Karin Sanden Raumheilung -Bereinigung von St\u00f6rungen durch \u00e4u\u00dferliche Einfl\u00fcsse wie z.Bp. Wasseradern, Harmonisierung der Kraftstr\u00f6me in R\u00e4umen, Wiederherstellung lebendiger Energie\" \/>\n<meta property=\"og:url\" content=\"https:\/\/karinsanden.de\/?page_id=19\" \/>\n<meta property=\"og:site_name\" content=\"KASANDRA\" \/>\n<meta property=\"article:modified_time\" content=\"2025-05-11T12:50:30+00:00\" \/>\n<meta property=\"og:image\" content=\"https:\/\/karinsanden.de\/wp-content\/uploads\/2025\/05\/P1090675-scaled.jpg\" \/>\n\t<meta property=\"og:image:width\" content=\"1440\" \/>\n\t<meta property=\"og:image:height\" content=\"2560\" \/>\n\t<meta property=\"og:image:type\" content=\"image\/jpeg\" \/>\n<meta name=\"twitter:card\" content=\"summary_large_image\" \/>\n<meta name=\"twitter:label1\" content=\"Gesch\u00e4tzte Lesezeit\" \/>\n\t<meta name=\"twitter:data1\" content=\"1\u00a0Minute\" \/>\n<script type=\"application\/ld+json\" class=\"yoast-schema-graph\">{\"@context\":\"https:\/\/schema.org\",\"@graph\":[{\"@type\":\"WebPage\",\"@id\":\"https:\/\/karinsanden.de\/?page_id=19\",\"url\":\"https:\/\/karinsanden.de\/?page_id=19\",\"name\":\"KASANDRA - KASANDRA\",\"isPartOf\":{\"@id\":\"https:\/\/karinsanden.de\/#website\"},\"primaryImageOfPage\":{\"@id\":\"https:\/\/karinsanden.de\/?page_id=19#primaryimage\"},\"image\":{\"@id\":\"https:\/\/karinsanden.de\/?page_id=19#primaryimage\"},\"thumbnailUrl\":\"https:\/\/karinsanden.de\/wp-content\/uploads\/2025\/05\/P1090675-576x1024.jpg\",\"datePublished\":\"2025-04-18T14:03:22+00:00\",\"dateModified\":\"2025-05-11T12:50:30+00:00\",\"description\":\"Kasandra - Karin Sanden Raumheilung -Bereinigung von St\u00f6rungen durch \u00e4u\u00dferliche Einfl\u00fcsse wie z.Bp. Wasseradern, Harmonisierung der Kraftstr\u00f6me in R\u00e4umen, Wiederherstellung lebendiger Energie\",\"breadcrumb\":{\"@id\":\"https:\/\/karinsanden.de\/?page_id=19#breadcrumb\"},\"inLanguage\":\"de\",\"potentialAction\":[{\"@type\":\"ReadAction\",\"target\":[\"https:\/\/karinsanden.de\/?page_id=19\"]}]},{\"@type\":\"ImageObject\",\"inLanguage\":\"de\",\"@id\":\"https:\/\/karinsanden.de\/?page_id=19#primaryimage\",\"url\":\"https:\/\/karinsanden.de\/wp-content\/uploads\/2025\/05\/P1090675-scaled.jpg\",\"contentUrl\":\"https:\/\/karinsanden.de\/wp-content\/uploads\/2025\/05\/P1090675-scaled.jpg\",\"width\":1440,\"height\":2560},{\"@type\":\"BreadcrumbList\",\"@id\":\"https:\/\/karinsanden.de\/?page_id=19#breadcrumb\",\"itemListElement\":[{\"@type\":\"ListItem\",\"position\":1,\"name\":\"Startseite\",\"item\":\"https:\/\/karinsanden.de\/\"},{\"@type\":\"ListItem\",\"position\":2,\"name\":\"Persona\"}]},{\"@type\":\"WebSite\",\"@id\":\"https:\/\/karinsanden.de\/#website\",\"url\":\"https:\/\/karinsanden.de\/\",\"name\":\"Karin Sanden\",\"description\":\"Karin Sanden Raumheilung\",\"publisher\":{\"@id\":\"https:\/\/karinsanden.de\/#organization\"},\"alternateName\":\"Kasandra\",\"potentialAction\":[{\"@type\":\"SearchAction\",\"target\":{\"@type\":\"EntryPoint\",\"urlTemplate\":\"https:\/\/karinsanden.de\/?s={search_term_string}\"},\"query-input\":{\"@type\":\"PropertyValueSpecification\",\"valueRequired\":true,\"valueName\":\"search_term_string\"}}],\"inLanguage\":\"de\"},{\"@type\":\"Organization\",\"@id\":\"https:\/\/karinsanden.de\/#organization\",\"name\":\"KASANDRA\",\"alternateName\":\"Karin Sanden Raumheilung\",\"url\":\"https:\/\/karinsanden.de\/\",\"logo\":{\"@type\":\"ImageObject\",\"inLanguage\":\"de\",\"@id\":\"https:\/\/karinsanden.de\/#\/schema\/logo\/image\/\",\"url\":\"https:\/\/karinsanden.de\/wp-content\/uploads\/2025\/04\/cropped-Karin_logo2.png\",\"contentUrl\":\"https:\/\/karinsanden.de\/wp-content\/uploads\/2025\/04\/cropped-Karin_logo2.png\",\"width\":512,\"height\":512,\"caption\":\"KASANDRA\"},\"image\":{\"@id\":\"https:\/\/karinsanden.de\/#\/schema\/logo\/image\/\"}}]}<\/script>\n<!-- \/ Yoast SEO plugin. -->","yoast_head_json":{"title":"KASANDRA - KASANDRA","description":"Kasandra - Karin Sanden Raumheilung -Bereinigung von St\u00f6rungen durch \u00e4u\u00dferliche Einfl\u00fcsse wie z.Bp. Wasseradern, Harmonisierung der Kraftstr\u00f6me in R\u00e4umen, Wiederherstellung lebendiger Energie","robots":{"index":"index","follow":"follow","max-snippet":"max-snippet:-1","max-image-preview":"max-image-preview:large","max-video-preview":"max-video-preview:-1"},"canonical":"https:\/\/karinsanden.de\/?page_id=19","og_locale":"de_DE","og_type":"article","og_title":"KASANDRA - KASANDRA","og_description":"Kasandra - Karin Sanden Raumheilung -Bereinigung von St\u00f6rungen durch \u00e4u\u00dferliche Einfl\u00fcsse wie z.Bp. Wasseradern, Harmonisierung der Kraftstr\u00f6me in R\u00e4umen, Wiederherstellung lebendiger Energie","og_url":"https:\/\/karinsanden.de\/?page_id=19","og_site_name":"KASANDRA","article_modified_time":"2025-05-11T12:50:30+00:00","og_image":[{"width":1440,"height":2560,"url":"https:\/\/karinsanden.de\/wp-content\/uploads\/2025\/05\/P1090675-scaled.jpg","type":"image\/jpeg"}],"twitter_card":"summary_large_image","twitter_misc":{"Gesch\u00e4tzte Lesezeit":"1\u00a0Minute"},"schema":{"@context":"https:\/\/schema.org","@graph":[{"@type":"WebPage","@id":"https:\/\/karinsanden.de\/?page_id=19","url":"https:\/\/karinsanden.de\/?page_id=19","name":"KASANDRA - KASANDRA","isPartOf":{"@id":"https:\/\/karinsanden.de\/#website"},"primaryImageOfPage":{"@id":"https:\/\/karinsanden.de\/?page_id=19#primaryimage"},"image":{"@id":"https:\/\/karinsanden.de\/?page_id=19#primaryimage"},"thumbnailUrl":"https:\/\/karinsanden.de\/wp-content\/uploads\/2025\/05\/P1090675-576x1024.jpg","datePublished":"2025-04-18T14:03:22+00:00","dateModified":"2025-05-11T12:50:30+00:00","description":"Kasandra - Karin Sanden Raumheilung -Bereinigung von St\u00f6rungen durch \u00e4u\u00dferliche Einfl\u00fcsse wie z.Bp. Wasseradern, Harmonisierung der Kraftstr\u00f6me in R\u00e4umen, Wiederherstellung lebendiger Energie","breadcrumb":{"@id":"https:\/\/karinsanden.de\/?page_id=19#breadcrumb"},"inLanguage":"de","potentialAction":[{"@type":"ReadAction","target":["https:\/\/karinsanden.de\/?page_id=19"]}]},{"@type":"ImageObject","inLanguage":"de","@id":"https:\/\/karinsanden.de\/?page_id=19#primaryimage","url":"https:\/\/karinsanden.de\/wp-content\/uploads\/2025\/05\/P1090675-scaled.jpg","contentUrl":"https:\/\/karinsanden.de\/wp-content\/uploads\/2025\/05\/P1090675-scaled.jpg","width":1440,"height":2560},{"@type":"BreadcrumbList","@id":"https:\/\/karinsanden.de\/?page_id=19#breadcrumb","itemListElement":[{"@type":"ListItem","position":1,"name":"Startseite","item":"https:\/\/karinsanden.de\/"},{"@type":"ListItem","position":2,"name":"Persona"}]},{"@type":"WebSite","@id":"https:\/\/karinsanden.de\/#website","url":"https:\/\/karinsanden.de\/","name":"Karin Sanden","description":"Karin Sanden Raumheilung","publisher":{"@id":"https:\/\/karinsanden.de\/#organization"},"alternateName":"Kasandra","potentialAction":[{"@type":"SearchAction","target":{"@type":"EntryPoint","urlTemplate":"https:\/\/karinsanden.de\/?s={search_term_string}"},"query-input":{"@type":"PropertyValueSpecification","valueRequired":true,"valueName":"search_term_string"}}],"inLanguage":"de"},{"@type":"Organization","@id":"https:\/\/karinsanden.de\/#organization","name":"KASANDRA","alternateName":"Karin Sanden Raumheilung","url":"https:\/\/karinsanden.de\/","logo":{"@type":"ImageObject","inLanguage":"de","@id":"https:\/\/karinsanden.de\/#\/schema\/logo\/image\/","url":"https:\/\/karinsanden.de\/wp-content\/uploads\/2025\/04\/cropped-Karin_logo2.png","contentUrl":"https:\/\/karinsanden.de\/wp-content\/uploads\/2025\/04\/cropped-Karin_logo2.png","width":512,"height":512,"caption":"KASANDRA"},"image":{"@id":"https:\/\/karinsanden.de\/#\/schema\/logo\/image\/"}}]}},"_links":{"self":[{"href":"https:\/\/karinsanden.de\/index.php?rest_route=\/wp\/v2\/pages\/19","targetHints":{"allow":["GET"]}}],"collection":[{"href":"https:\/\/karinsanden.de\/index.php?rest_route=\/wp\/v2\/pages"}],"about":[{"href":"https:\/\/karinsanden.de\/index.php?rest_route=\/wp\/v2\/types\/page"}],"author":[{"embeddable":true,"href":"https:\/\/karinsanden.de\/index.php?rest_route=\/wp\/v2\/users\/1"}],"replies":[{"embeddable":true,"href":"https:\/\/karinsanden.de\/index.php?rest_route=%2Fwp%2Fv2%2Fcomments&post=19"}],"version-history":[{"count":41,"href":"https:\/\/karinsanden.de\/index.php?rest_route=\/wp\/v2\/pages\/19\/revisions"}],"predecessor-version":[{"id":378,"href":"https:\/\/karinsanden.de\/index.php?rest_route=\/wp\/v2\/pages\/19\/revisions\/378"}],"wp:attachment":[{"href":"https:\/\/karinsanden.de\/index.php?rest_route=%2Fwp%2Fv2%2Fmedia&parent=19"}],"curies":[{"name":"wp","href":"https:\/\/api.w.org\/{rel}","templated":true}]}}