{"id":20,"date":"2025-04-18T14:03:22","date_gmt":"2025-04-18T14:03:22","guid":{"rendered":"https:\/\/karinsanden.de\/?page_id=20"},"modified":"2025-05-11T12:28:19","modified_gmt":"2025-05-11T12:28:19","slug":"handlung","status":"publish","type":"page","link":"https:\/\/karinsanden.de\/?page_id=20","title":{"rendered":"Handlung"},"content":{"rendered":"\n<p><\/p>\n\n\n\n<p><\/p>\n\n\n\n<div class=\"wp-block-media-text has-media-on-the-right is-stacked-on-mobile is-image-fill-element\" style=\"grid-template-columns:auto 43%\"><div class=\"wp-block-media-text__content\">\n<h4 class=\"wp-block-heading\">Warum Raumheilung \/ Andui Vastu ?<\/h4>\n\n\n\n<p class=\"has-text-align-left\">Arbeiten, Wohnen, Leben stehen im Einfluss des energetischen Umfeldes <br>unseres Seins. <br><br>Wir nehmen Kr\u00e4fte auf und geben Kr\u00e4fte ab. Dies geschieht zumeist unbewusst.<\/p>\n\n\n\n<p>R\u00e4ume, Gegenst\u00e4nde und Lebensr\u00e4ume empfangen, speichern und senden <br>diese Informationen. <br>Das wirkt sich auf unser Wohlbefinden und unsere Schaffenskraft aus. <br>So k\u00f6nnen zum Beispiel alte Geb\u00e4ude das Leben vieler Generationen weiter tragen. Bei darin lebenden \/ arbeitenden Menschen sowie Tieren <br>k\u00f6nnen Gef\u00fchle des Unbehagens oder gar gesundheitliche Beeintr\u00e4chtigungen auftreten.<br><br>Werden R\u00e4ume ( Wohnr\u00e4ume, Geb\u00e4ude, Verkaufsr\u00e4ume, Arbeitsr\u00e4ume, Stallungen, Gartenfl\u00e4chen) harmonisiert, belebt, geheilt, so hat dies sp\u00fcrbare Auswirkungen auf Wohlbefinden, Schaffenskraft, Erfolg und Lebensqualit\u00e4t.<br><\/p>\n<\/div><figure class=\"wp-block-media-text__media\"><img loading=\"lazy\" decoding=\"async\" width=\"766\" height=\"1024\" src=\"https:\/\/karinsanden.de\/wp-content\/uploads\/2025\/04\/Logo_Karin.jpg-1-766x1024.png\" alt=\"\" class=\"wp-image-45 size-full\" style=\"object-position:50% 50%\" srcset=\"https:\/\/karinsanden.de\/wp-content\/uploads\/2025\/04\/Logo_Karin.jpg-1-766x1024.png 766w, https:\/\/karinsanden.de\/wp-content\/uploads\/2025\/04\/Logo_Karin.jpg-1-224x300.png 224w, https:\/\/karinsanden.de\/wp-content\/uploads\/2025\/04\/Logo_Karin.jpg-1-768x1026.png 768w, https:\/\/karinsanden.de\/wp-content\/uploads\/2025\/04\/Logo_Karin.jpg-1-1149x1536.png 1149w, https:\/\/karinsanden.de\/wp-content\/uploads\/2025\/04\/Logo_Karin.jpg-1-1532x2048.png 1532w, https:\/\/karinsanden.de\/wp-content\/uploads\/2025\/04\/Logo_Karin.jpg-1-scaled.png 1916w\" sizes=\"auto, (max-width: 766px) 100vw, 766px\" \/><\/figure><\/div>\n\n\n\n<div style=\"height:54px\" aria-hidden=\"true\" class=\"wp-block-spacer\"><\/div>\n\n\n\n<div style=\"height:57px\" aria-hidden=\"true\" class=\"wp-block-spacer\"><\/div>\n\n\n\n<div class=\"wp-block-media-text is-stacked-on-mobile is-vertically-aligned-top is-image-fill-element\"><figure class=\"wp-block-media-text__media\"><img loading=\"lazy\" decoding=\"async\" width=\"766\" height=\"1024\" src=\"https:\/\/karinsanden.de\/wp-content\/uploads\/2025\/04\/IMG_20250328_144355-766x1024.jpg\" alt=\"\" class=\"wp-image-53 size-full\" style=\"object-position:50% 50%\" srcset=\"https:\/\/karinsanden.de\/wp-content\/uploads\/2025\/04\/IMG_20250328_144355-766x1024.jpg 766w, https:\/\/karinsanden.de\/wp-content\/uploads\/2025\/04\/IMG_20250328_144355-224x300.jpg 224w, https:\/\/karinsanden.de\/wp-content\/uploads\/2025\/04\/IMG_20250328_144355-768x1026.jpg 768w, https:\/\/karinsanden.de\/wp-content\/uploads\/2025\/04\/IMG_20250328_144355-1149x1536.jpg 1149w, https:\/\/karinsanden.de\/wp-content\/uploads\/2025\/04\/IMG_20250328_144355-1532x2048.jpg 1532w, https:\/\/karinsanden.de\/wp-content\/uploads\/2025\/04\/IMG_20250328_144355-scaled.jpg 1916w\" sizes=\"auto, (max-width: 766px) 100vw, 766px\" \/><\/figure><div class=\"wp-block-media-text__content\">\n<h5 class=\"wp-block-heading\">Andui Vastu Heilung von Wohngeb\u00e4uden, Wohnungen, Grundst\u00fccken, Stallungen, Firmenr\u00e4umen, Firmengeb\u00e4uden.<\/h5>\n\n\n\n<p>Feinstoffliche Reinigung, Harmonisierung vorhandener St\u00f6rfelder, <br>Aufbau einer heilsamen Energiestruktur im Blick auf das Wohl <br>aller Bewohner, Nutzer von Geb\u00e4uden; Firmengeb\u00e4uden; <br>in Gastronomie und Beherbergung. <br><br>Hamonisierung von Grundst\u00fccken.<\/p>\n\n\n\n<p><strong><em>Erstellen von Kraftorten zur Heilung und Entwicklung.<\/em><\/strong><br><\/p>\n<\/div><\/div>\n\n\n\n<p><\/p>\n\n\n\n<p><\/p>\n\n\n\n<h5 class=\"wp-block-heading\"><br>Ablauf der Andui Raumheilung und Kosten<\/h5>\n\n\n\n<p>F\u00fcr eine Geb\u00e4ude-\/ Raumheilung werden alle R\u00e4ume eines Hauses bzw. einer abgeschlossenen Wohnung einzeln energetisch gereinigt, saniert, belebt <br>und verbunden.<\/p>\n\n\n\n<p>Die einem Haus zugeh\u00f6rigen Hof- und Gartenfl\u00e4chen, Gartenh\u00fctten, Garagen werden mit gleichem Verfahren in Heilung gebracht. <br>Gerne erstelle ich im Zuge der Heilung einen Kraftort entweder in Haus oder Garten.<\/p>\n\n\n\n<h6 class=\"wp-block-heading\"><em>Wichtig: Die Heilung bedarf der Zustimmung aller Bewohner der zu heilenden R\u00e4ume sofern diese Entscheidungskompetenz f\u00fcr die Energien der R\u00e4ume haben <\/em><br><em>(Eigent\u00fcmer, Besitzer, Mieter) .<\/em><br><br><\/h6>\n\n\n\n<div class=\"wp-block-columns is-layout-flex wp-container-core-columns-is-layout-28f84493 wp-block-columns-is-layout-flex\">\n<div class=\"wp-block-column is-layout-flow wp-block-column-is-layout-flow\">\n<h4 class=\"wp-block-heading\">Kosten :<\/h4>\n\n\n\n<p>Die Kosten f\u00fcr die Raumheilung richten sich nach Anzahl aller<br>R\u00e4ume, Anzahl und Gr\u00f6\u00dfe von Nebengeb\u00e4uden, Gartengr\u00f6\u00dfe.<br><\/p>\n\n\n\n<p>Gerne k\u00f6nnen Sie mich f\u00fcr eine Kosteneinsch\u00e4tzung kontaktieren. Hilfreich sind hierf\u00fcr Grundrisse der Wohnr\u00e4ume.<\/p>\n<\/div>\n\n\n\n<div class=\"wp-block-column is-layout-flow wp-block-column-is-layout-flow\">\n<h4 class=\"wp-block-heading\">Gr\u00f6\u00dfenordnung :<\/h4>\n\n\n\n<p>Kleines Objekt:<br>F\u00fcr eine durchschnittliche 4 Zimmer Wohnung mit Carport und ohne Garten k\u00f6nnen Sie mit etwa 480,- Euro rechnen<\/p>\n\n\n\n<p>Gr\u00f6\u00dferes Objekt<br>F\u00fcr Einfamilienhaus mit kleinerem Garten fallen etwa 1.100,- Euro an.<\/p>\n<\/div>\n<\/div>\n\n\n\n<p><\/p>\n\n\n\n<p><\/p>\n\n\n\n<p><\/p>\n","protected":false},"excerpt":{"rendered":"<p>Warum Raumheilung \/ Andui Vastu ? Arbeiten, Wohnen, Leben stehen im Einfluss des energetischen Umfeldes unseres Seins. Wir nehmen Kr\u00e4fte [&hellip;]<\/p>\n","protected":false},"author":1,"featured_media":0,"parent":0,"menu_order":20,"comment_status":"closed","ping_status":"closed","template":"","meta":{"site-sidebar-layout":"default","site-content-layout":"","ast-site-content-layout":"","site-content-style":"default","site-sidebar-style":"default","ast-global-header-display":"","ast-banner-title-visibility":"","ast-main-header-display":"","ast-hfb-above-header-display":"","ast-hfb-below-header-display":"","ast-hfb-mobile-header-display":"","site-post-title":"disabled","ast-breadcrumbs-content":"","ast-featured-img":"","footer-sml-layout":"","ast-disable-related-posts":"","theme-transparent-header-meta":"","adv-header-id-meta":"","stick-header-meta":"","header-above-stick-meta":"","header-main-stick-meta":"","header-below-stick-meta":"","astra-migrate-meta-layouts":"default","ast-page-background-enabled":"default","ast-page-background-meta":{"desktop":{"background-color":"var(--ast-global-color-5)","background-image":"","background-repeat":"repeat","background-position":"center center","background-size":"auto","background-attachment":"scroll","background-type":"","background-media":"","overlay-type":"","overlay-color":"","overlay-opacity":"","overlay-gradient":""},"tablet":{"background-color":"","background-image":"","background-repeat":"repeat","background-position":"center center","background-size":"auto","background-attachment":"scroll","background-type":"","background-media":"","overlay-type":"","overlay-color":"","overlay-opacity":"","overlay-gradient":""},"mobile":{"background-color":"","background-image":"","background-repeat":"repeat","background-position":"center center","background-size":"auto","background-attachment":"scroll","background-type":"","background-media":"","overlay-type":"","overlay-color":"","overlay-opacity":"","overlay-gradient":""}},"ast-content-background-meta":{"desktop":{"background-color":"var(--ast-global-color-4)","background-image":"","background-repeat":"repeat","background-position":"center center","background-size":"auto","background-attachment":"scroll","background-type":"","background-media":"","overlay-type":"","overlay-color":"","overlay-opacity":"","overlay-gradient":""},"tablet":{"background-color":"var(--ast-global-color-4)","background-image":"","background-repeat":"repeat","background-position":"center center","background-size":"auto","background-attachment":"scroll","background-type":"","background-media":"","overlay-type":"","overlay-color":"","overlay-opacity":"","overlay-gradient":""},"mobile":{"background-color":"var(--ast-global-color-4)","background-image":"","background-repeat":"repeat","background-position":"center center","background-size":"auto","background-attachment":"scroll","background-type":"","background-media":"","overlay-type":"","overlay-color":"","overlay-opacity":"","overlay-gradient":""}},"footnotes":""},"class_list":["post-20","page","type-page","status-publish","hentry"],"yoast_head":"<!-- This site is optimized with the Yoast SEO plugin v26.9 - https:\/\/yoast.com\/product\/yoast-seo-wordpress\/ -->\n<title>KASANDRA - KASANDRA<\/title>\n<meta name=\"description\" content=\"Kasandra - Karin Sanden Raumheilung -Bereinigung von St\u00f6rungen durch \u00e4u\u00dferliche Einfl\u00fcsse wie z.Bp. Wasseradern, Harmonisierung der Kraftstr\u00f6me in R\u00e4umen, Wiederherstellung lebendiger Energie\" \/>\n<meta name=\"robots\" content=\"index, follow, max-snippet:-1, max-image-preview:large, max-video-preview:-1\" \/>\n<link rel=\"canonical\" href=\"https:\/\/karinsanden.de\/?page_id=20\" \/>\n<meta property=\"og:locale\" content=\"de_DE\" \/>\n<meta property=\"og:type\" content=\"article\" \/>\n<meta property=\"og:title\" content=\"KASANDRA - KASANDRA\" \/>\n<meta property=\"og:description\" content=\"Kasandra - Karin Sanden Raumheilung -Bereinigung von St\u00f6rungen durch \u00e4u\u00dferliche Einfl\u00fcsse wie z.Bp. Wasseradern, Harmonisierung der Kraftstr\u00f6me in R\u00e4umen, Wiederherstellung lebendiger Energie\" \/>\n<meta property=\"og:url\" content=\"https:\/\/karinsanden.de\/?page_id=20\" \/>\n<meta property=\"og:site_name\" content=\"KASANDRA\" \/>\n<meta property=\"article:modified_time\" content=\"2025-05-11T12:28:19+00:00\" \/>\n<meta property=\"og:image\" content=\"https:\/\/karinsanden.de\/wp-content\/uploads\/2025\/04\/Logo_Karin.jpg-1-766x1024.png\" \/>\n\t<meta property=\"og:image:width\" content=\"766\" \/>\n\t<meta property=\"og:image:height\" content=\"1024\" \/>\n\t<meta property=\"og:image:type\" content=\"image\/png\" \/>\n<meta name=\"twitter:card\" content=\"summary_large_image\" \/>\n<meta name=\"twitter:label1\" content=\"Gesch\u00e4tzte Lesezeit\" \/>\n\t<meta name=\"twitter:data1\" content=\"2\u00a0Minuten\" \/>\n<script type=\"application\/ld+json\" class=\"yoast-schema-graph\">{\"@context\":\"https:\/\/schema.org\",\"@graph\":[{\"@type\":\"WebPage\",\"@id\":\"https:\/\/karinsanden.de\/?page_id=20\",\"url\":\"https:\/\/karinsanden.de\/?page_id=20\",\"name\":\"KASANDRA - KASANDRA\",\"isPartOf\":{\"@id\":\"https:\/\/karinsanden.de\/#website\"},\"primaryImageOfPage\":{\"@id\":\"https:\/\/karinsanden.de\/?page_id=20#primaryimage\"},\"image\":{\"@id\":\"https:\/\/karinsanden.de\/?page_id=20#primaryimage\"},\"thumbnailUrl\":\"https:\/\/karinsanden.de\/wp-content\/uploads\/2025\/04\/Logo_Karin.jpg-1-766x1024.png\",\"datePublished\":\"2025-04-18T14:03:22+00:00\",\"dateModified\":\"2025-05-11T12:28:19+00:00\",\"description\":\"Kasandra - Karin Sanden Raumheilung -Bereinigung von St\u00f6rungen durch \u00e4u\u00dferliche Einfl\u00fcsse wie z.Bp. Wasseradern, Harmonisierung der Kraftstr\u00f6me in R\u00e4umen, Wiederherstellung lebendiger Energie\",\"breadcrumb\":{\"@id\":\"https:\/\/karinsanden.de\/?page_id=20#breadcrumb\"},\"inLanguage\":\"de\",\"potentialAction\":[{\"@type\":\"ReadAction\",\"target\":[\"https:\/\/karinsanden.de\/?page_id=20\"]}]},{\"@type\":\"ImageObject\",\"inLanguage\":\"de\",\"@id\":\"https:\/\/karinsanden.de\/?page_id=20#primaryimage\",\"url\":\"https:\/\/karinsanden.de\/wp-content\/uploads\/2025\/04\/Logo_Karin.jpg-1-scaled.png\",\"contentUrl\":\"https:\/\/karinsanden.de\/wp-content\/uploads\/2025\/04\/Logo_Karin.jpg-1-scaled.png\",\"width\":1916,\"height\":2560},{\"@type\":\"BreadcrumbList\",\"@id\":\"https:\/\/karinsanden.de\/?page_id=20#breadcrumb\",\"itemListElement\":[{\"@type\":\"ListItem\",\"position\":1,\"name\":\"Startseite\",\"item\":\"https:\/\/karinsanden.de\/\"},{\"@type\":\"ListItem\",\"position\":2,\"name\":\"Handlung\"}]},{\"@type\":\"WebSite\",\"@id\":\"https:\/\/karinsanden.de\/#website\",\"url\":\"https:\/\/karinsanden.de\/\",\"name\":\"Karin Sanden\",\"description\":\"Karin Sanden Raumheilung\",\"publisher\":{\"@id\":\"https:\/\/karinsanden.de\/#organization\"},\"alternateName\":\"Kasandra\",\"potentialAction\":[{\"@type\":\"SearchAction\",\"target\":{\"@type\":\"EntryPoint\",\"urlTemplate\":\"https:\/\/karinsanden.de\/?s={search_term_string}\"},\"query-input\":{\"@type\":\"PropertyValueSpecification\",\"valueRequired\":true,\"valueName\":\"search_term_string\"}}],\"inLanguage\":\"de\"},{\"@type\":\"Organization\",\"@id\":\"https:\/\/karinsanden.de\/#organization\",\"name\":\"KASANDRA\",\"alternateName\":\"Karin Sanden Raumheilung\",\"url\":\"https:\/\/karinsanden.de\/\",\"logo\":{\"@type\":\"ImageObject\",\"inLanguage\":\"de\",\"@id\":\"https:\/\/karinsanden.de\/#\/schema\/logo\/image\/\",\"url\":\"https:\/\/karinsanden.de\/wp-content\/uploads\/2025\/04\/cropped-Karin_logo2.png\",\"contentUrl\":\"https:\/\/karinsanden.de\/wp-content\/uploads\/2025\/04\/cropped-Karin_logo2.png\",\"width\":512,\"height\":512,\"caption\":\"KASANDRA\"},\"image\":{\"@id\":\"https:\/\/karinsanden.de\/#\/schema\/logo\/image\/\"}}]}<\/script>\n<!-- \/ Yoast SEO plugin. -->","yoast_head_json":{"title":"KASANDRA - KASANDRA","description":"Kasandra - Karin Sanden Raumheilung -Bereinigung von St\u00f6rungen durch \u00e4u\u00dferliche Einfl\u00fcsse wie z.Bp. Wasseradern, Harmonisierung der Kraftstr\u00f6me in R\u00e4umen, Wiederherstellung lebendiger Energie","robots":{"index":"index","follow":"follow","max-snippet":"max-snippet:-1","max-image-preview":"max-image-preview:large","max-video-preview":"max-video-preview:-1"},"canonical":"https:\/\/karinsanden.de\/?page_id=20","og_locale":"de_DE","og_type":"article","og_title":"KASANDRA - KASANDRA","og_description":"Kasandra - Karin Sanden Raumheilung -Bereinigung von St\u00f6rungen durch \u00e4u\u00dferliche Einfl\u00fcsse wie z.Bp. Wasseradern, Harmonisierung der Kraftstr\u00f6me in R\u00e4umen, Wiederherstellung lebendiger Energie","og_url":"https:\/\/karinsanden.de\/?page_id=20","og_site_name":"KASANDRA","article_modified_time":"2025-05-11T12:28:19+00:00","og_image":[{"width":766,"height":1024,"url":"https:\/\/karinsanden.de\/wp-content\/uploads\/2025\/04\/Logo_Karin.jpg-1-766x1024.png","type":"image\/png"}],"twitter_card":"summary_large_image","twitter_misc":{"Gesch\u00e4tzte Lesezeit":"2\u00a0Minuten"},"schema":{"@context":"https:\/\/schema.org","@graph":[{"@type":"WebPage","@id":"https:\/\/karinsanden.de\/?page_id=20","url":"https:\/\/karinsanden.de\/?page_id=20","name":"KASANDRA - KASANDRA","isPartOf":{"@id":"https:\/\/karinsanden.de\/#website"},"primaryImageOfPage":{"@id":"https:\/\/karinsanden.de\/?page_id=20#primaryimage"},"image":{"@id":"https:\/\/karinsanden.de\/?page_id=20#primaryimage"},"thumbnailUrl":"https:\/\/karinsanden.de\/wp-content\/uploads\/2025\/04\/Logo_Karin.jpg-1-766x1024.png","datePublished":"2025-04-18T14:03:22+00:00","dateModified":"2025-05-11T12:28:19+00:00","description":"Kasandra - Karin Sanden Raumheilung -Bereinigung von St\u00f6rungen durch \u00e4u\u00dferliche Einfl\u00fcsse wie z.Bp. Wasseradern, Harmonisierung der Kraftstr\u00f6me in R\u00e4umen, Wiederherstellung lebendiger Energie","breadcrumb":{"@id":"https:\/\/karinsanden.de\/?page_id=20#breadcrumb"},"inLanguage":"de","potentialAction":[{"@type":"ReadAction","target":["https:\/\/karinsanden.de\/?page_id=20"]}]},{"@type":"ImageObject","inLanguage":"de","@id":"https:\/\/karinsanden.de\/?page_id=20#primaryimage","url":"https:\/\/karinsanden.de\/wp-content\/uploads\/2025\/04\/Logo_Karin.jpg-1-scaled.png","contentUrl":"https:\/\/karinsanden.de\/wp-content\/uploads\/2025\/04\/Logo_Karin.jpg-1-scaled.png","width":1916,"height":2560},{"@type":"BreadcrumbList","@id":"https:\/\/karinsanden.de\/?page_id=20#breadcrumb","itemListElement":[{"@type":"ListItem","position":1,"name":"Startseite","item":"https:\/\/karinsanden.de\/"},{"@type":"ListItem","position":2,"name":"Handlung"}]},{"@type":"WebSite","@id":"https:\/\/karinsanden.de\/#website","url":"https:\/\/karinsanden.de\/","name":"Karin Sanden","description":"Karin Sanden Raumheilung","publisher":{"@id":"https:\/\/karinsanden.de\/#organization"},"alternateName":"Kasandra","potentialAction":[{"@type":"SearchAction","target":{"@type":"EntryPoint","urlTemplate":"https:\/\/karinsanden.de\/?s={search_term_string}"},"query-input":{"@type":"PropertyValueSpecification","valueRequired":true,"valueName":"search_term_string"}}],"inLanguage":"de"},{"@type":"Organization","@id":"https:\/\/karinsanden.de\/#organization","name":"KASANDRA","alternateName":"Karin Sanden Raumheilung","url":"https:\/\/karinsanden.de\/","logo":{"@type":"ImageObject","inLanguage":"de","@id":"https:\/\/karinsanden.de\/#\/schema\/logo\/image\/","url":"https:\/\/karinsanden.de\/wp-content\/uploads\/2025\/04\/cropped-Karin_logo2.png","contentUrl":"https:\/\/karinsanden.de\/wp-content\/uploads\/2025\/04\/cropped-Karin_logo2.png","width":512,"height":512,"caption":"KASANDRA"},"image":{"@id":"https:\/\/karinsanden.de\/#\/schema\/logo\/image\/"}}]}},"_links":{"self":[{"href":"https:\/\/karinsanden.de\/index.php?rest_route=\/wp\/v2\/pages\/20","targetHints":{"allow":["GET"]}}],"collection":[{"href":"https:\/\/karinsanden.de\/index.php?rest_route=\/wp\/v2\/pages"}],"about":[{"href":"https:\/\/karinsanden.de\/index.php?rest_route=\/wp\/v2\/types\/page"}],"author":[{"embeddable":true,"href":"https:\/\/karinsanden.de\/index.php?rest_route=\/wp\/v2\/users\/1"}],"replies":[{"embeddable":true,"href":"https:\/\/karinsanden.de\/index.php?rest_route=%2Fwp%2Fv2%2Fcomments&post=20"}],"version-history":[{"count":24,"href":"https:\/\/karinsanden.de\/index.php?rest_route=\/wp\/v2\/pages\/20\/revisions"}],"predecessor-version":[{"id":369,"href":"https:\/\/karinsanden.de\/index.php?rest_route=\/wp\/v2\/pages\/20\/revisions\/369"}],"wp:attachment":[{"href":"https:\/\/karinsanden.de\/index.php?rest_route=%2Fwp%2Fv2%2Fmedia&parent=20"}],"curies":[{"name":"wp","href":"https:\/\/api.w.org\/{rel}","templated":true}]}}