{"id":21,"date":"2025-04-18T14:03:22","date_gmt":"2025-04-18T14:03:22","guid":{"rendered":"https:\/\/karinsanden.de\/?page_id=21"},"modified":"2025-05-11T12:47:20","modified_gmt":"2025-05-11T12:47:20","slug":"kontakt","status":"publish","type":"page","link":"https:\/\/karinsanden.de\/?page_id=21","title":{"rendered":"Kontakt"},"content":{"rendered":"\n<h4 class=\"wp-block-heading\">Adresse<\/h4>\n\n\n\n<h5 class=\"wp-block-heading\">RAUMHEILUNG<br><br>Karin Sanden<br>Dieselstr. 14<br>72810 Gomaringen<br>Deutschland<\/h5>\n\n\n\n<p><\/p>\n\n\n\n<h5 class=\"wp-block-heading has-black-color has-text-color has-link-color wp-elements-676f6722dbc68e5296ef0489d4d5e407\">E-Mail: Info@karinsanden.de<\/h5>\n\n\n\n<p><\/p>\n","protected":false},"excerpt":{"rendered":"<p>Adresse RAUMHEILUNG Karin SandenDieselstr. 1472810 GomaringenDeutschland E-Mail: Info@karinsanden.de<\/p>\n","protected":false},"author":1,"featured_media":0,"parent":0,"menu_order":60,"comment_status":"closed","ping_status":"closed","template":"","meta":{"site-sidebar-layout":"default","site-content-layout":"","ast-site-content-layout":"default","site-content-style":"default","site-sidebar-style":"default","ast-global-header-display":"","ast-banner-title-visibility":"","ast-main-header-display":"","ast-hfb-above-header-display":"","ast-hfb-below-header-display":"","ast-hfb-mobile-header-display":"","site-post-title":"","ast-breadcrumbs-content":"","ast-featured-img":"","footer-sml-layout":"","ast-disable-related-posts":"","theme-transparent-header-meta":"","adv-header-id-meta":"","stick-header-meta":"","header-above-stick-meta":"","header-main-stick-meta":"","header-below-stick-meta":"","astra-migrate-meta-layouts":"default","ast-page-background-enabled":"default","ast-page-background-meta":{"desktop":{"background-color":"var(--ast-global-color-5)","background-image":"","background-repeat":"repeat","background-position":"center center","background-size":"auto","background-attachment":"scroll","background-type":"","background-media":"","overlay-type":"","overlay-color":"","overlay-opacity":"","overlay-gradient":""},"tablet":{"background-color":"","background-image":"","background-repeat":"repeat","background-position":"center center","background-size":"auto","background-attachment":"scroll","background-type":"","background-media":"","overlay-type":"","overlay-color":"","overlay-opacity":"","overlay-gradient":""},"mobile":{"background-color":"","background-image":"","background-repeat":"repeat","background-position":"center center","background-size":"auto","background-attachment":"scroll","background-type":"","background-media":"","overlay-type":"","overlay-color":"","overlay-opacity":"","overlay-gradient":""}},"ast-content-background-meta":{"desktop":{"background-color":"var(--ast-global-color-4)","background-image":"","background-repeat":"repeat","background-position":"center center","background-size":"auto","background-attachment":"scroll","background-type":"","background-media":"","overlay-type":"","overlay-color":"","overlay-opacity":"","overlay-gradient":""},"tablet":{"background-color":"var(--ast-global-color-4)","background-image":"","background-repeat":"repeat","background-position":"center center","background-size":"auto","background-attachment":"scroll","background-type":"","background-media":"","overlay-type":"","overlay-color":"","overlay-opacity":"","overlay-gradient":""},"mobile":{"background-color":"var(--ast-global-color-4)","background-image":"","background-repeat":"repeat","background-position":"center center","background-size":"auto","background-attachment":"scroll","background-type":"","background-media":"","overlay-type":"","overlay-color":"","overlay-opacity":"","overlay-gradient":""}},"footnotes":""},"class_list":["post-21","page","type-page","status-publish","hentry"],"yoast_head":"<!-- This site is optimized with the Yoast SEO plugin v26.9 - https:\/\/yoast.com\/product\/yoast-seo-wordpress\/ -->\n<title>KASANDRA - KASANDRA<\/title>\n<meta name=\"description\" content=\"Kasandra - Karin Sanden Raumheilung -Bereinigung von St\u00f6rungen durch \u00e4u\u00dferliche Einfl\u00fcsse wie z.Bp. Wasseradern, Harmonisierung der Kraftstr\u00f6me in R\u00e4umen, Wiederherstellung lebendiger Energie\" \/>\n<meta name=\"robots\" content=\"index, follow, max-snippet:-1, max-image-preview:large, max-video-preview:-1\" \/>\n<link rel=\"canonical\" href=\"https:\/\/karinsanden.de\/?page_id=21\" \/>\n<meta property=\"og:locale\" content=\"de_DE\" \/>\n<meta property=\"og:type\" content=\"article\" \/>\n<meta property=\"og:title\" content=\"KASANDRA - KASANDRA\" \/>\n<meta property=\"og:description\" content=\"Kasandra - Karin Sanden Raumheilung -Bereinigung von St\u00f6rungen durch \u00e4u\u00dferliche Einfl\u00fcsse wie z.Bp. Wasseradern, Harmonisierung der Kraftstr\u00f6me in R\u00e4umen, Wiederherstellung lebendiger Energie\" \/>\n<meta property=\"og:url\" content=\"https:\/\/karinsanden.de\/?page_id=21\" \/>\n<meta property=\"og:site_name\" content=\"KASANDRA\" \/>\n<meta property=\"article:modified_time\" content=\"2025-05-11T12:47:20+00:00\" \/>\n<meta property=\"og:image\" content=\"https:\/\/karinsanden.de\/wp-content\/uploads\/2025\/04\/Logo_Karin.jpg-766x1024.png\" \/>\n\t<meta property=\"og:image:width\" content=\"766\" \/>\n\t<meta property=\"og:image:height\" content=\"1024\" \/>\n\t<meta property=\"og:image:type\" content=\"image\/png\" \/>\n<meta name=\"twitter:card\" content=\"summary_large_image\" \/>\n<script type=\"application\/ld+json\" class=\"yoast-schema-graph\">{\"@context\":\"https:\/\/schema.org\",\"@graph\":[{\"@type\":\"WebPage\",\"@id\":\"https:\/\/karinsanden.de\/?page_id=21\",\"url\":\"https:\/\/karinsanden.de\/?page_id=21\",\"name\":\"KASANDRA - KASANDRA\",\"isPartOf\":{\"@id\":\"https:\/\/karinsanden.de\/#website\"},\"datePublished\":\"2025-04-18T14:03:22+00:00\",\"dateModified\":\"2025-05-11T12:47:20+00:00\",\"description\":\"Kasandra - Karin Sanden Raumheilung -Bereinigung von St\u00f6rungen durch \u00e4u\u00dferliche Einfl\u00fcsse wie z.Bp. Wasseradern, Harmonisierung der Kraftstr\u00f6me in R\u00e4umen, Wiederherstellung lebendiger Energie\",\"breadcrumb\":{\"@id\":\"https:\/\/karinsanden.de\/?page_id=21#breadcrumb\"},\"inLanguage\":\"de\",\"potentialAction\":[{\"@type\":\"ReadAction\",\"target\":[\"https:\/\/karinsanden.de\/?page_id=21\"]}]},{\"@type\":\"BreadcrumbList\",\"@id\":\"https:\/\/karinsanden.de\/?page_id=21#breadcrumb\",\"itemListElement\":[{\"@type\":\"ListItem\",\"position\":1,\"name\":\"Startseite\",\"item\":\"https:\/\/karinsanden.de\/\"},{\"@type\":\"ListItem\",\"position\":2,\"name\":\"Kontakt\"}]},{\"@type\":\"WebSite\",\"@id\":\"https:\/\/karinsanden.de\/#website\",\"url\":\"https:\/\/karinsanden.de\/\",\"name\":\"Karin Sanden\",\"description\":\"Karin Sanden Raumheilung\",\"publisher\":{\"@id\":\"https:\/\/karinsanden.de\/#organization\"},\"alternateName\":\"Kasandra\",\"potentialAction\":[{\"@type\":\"SearchAction\",\"target\":{\"@type\":\"EntryPoint\",\"urlTemplate\":\"https:\/\/karinsanden.de\/?s={search_term_string}\"},\"query-input\":{\"@type\":\"PropertyValueSpecification\",\"valueRequired\":true,\"valueName\":\"search_term_string\"}}],\"inLanguage\":\"de\"},{\"@type\":\"Organization\",\"@id\":\"https:\/\/karinsanden.de\/#organization\",\"name\":\"KASANDRA\",\"alternateName\":\"Karin Sanden Raumheilung\",\"url\":\"https:\/\/karinsanden.de\/\",\"logo\":{\"@type\":\"ImageObject\",\"inLanguage\":\"de\",\"@id\":\"https:\/\/karinsanden.de\/#\/schema\/logo\/image\/\",\"url\":\"https:\/\/karinsanden.de\/wp-content\/uploads\/2025\/04\/cropped-Karin_logo2.png\",\"contentUrl\":\"https:\/\/karinsanden.de\/wp-content\/uploads\/2025\/04\/cropped-Karin_logo2.png\",\"width\":512,\"height\":512,\"caption\":\"KASANDRA\"},\"image\":{\"@id\":\"https:\/\/karinsanden.de\/#\/schema\/logo\/image\/\"}}]}<\/script>\n<!-- \/ Yoast SEO plugin. -->","yoast_head_json":{"title":"KASANDRA - KASANDRA","description":"Kasandra - Karin Sanden Raumheilung -Bereinigung von St\u00f6rungen durch \u00e4u\u00dferliche Einfl\u00fcsse wie z.Bp. Wasseradern, Harmonisierung der Kraftstr\u00f6me in R\u00e4umen, Wiederherstellung lebendiger Energie","robots":{"index":"index","follow":"follow","max-snippet":"max-snippet:-1","max-image-preview":"max-image-preview:large","max-video-preview":"max-video-preview:-1"},"canonical":"https:\/\/karinsanden.de\/?page_id=21","og_locale":"de_DE","og_type":"article","og_title":"KASANDRA - KASANDRA","og_description":"Kasandra - Karin Sanden Raumheilung -Bereinigung von St\u00f6rungen durch \u00e4u\u00dferliche Einfl\u00fcsse wie z.Bp. Wasseradern, Harmonisierung der Kraftstr\u00f6me in R\u00e4umen, Wiederherstellung lebendiger Energie","og_url":"https:\/\/karinsanden.de\/?page_id=21","og_site_name":"KASANDRA","article_modified_time":"2025-05-11T12:47:20+00:00","og_image":[{"width":766,"height":1024,"url":"https:\/\/karinsanden.de\/wp-content\/uploads\/2025\/04\/Logo_Karin.jpg-766x1024.png","type":"image\/png"}],"twitter_card":"summary_large_image","schema":{"@context":"https:\/\/schema.org","@graph":[{"@type":"WebPage","@id":"https:\/\/karinsanden.de\/?page_id=21","url":"https:\/\/karinsanden.de\/?page_id=21","name":"KASANDRA - KASANDRA","isPartOf":{"@id":"https:\/\/karinsanden.de\/#website"},"datePublished":"2025-04-18T14:03:22+00:00","dateModified":"2025-05-11T12:47:20+00:00","description":"Kasandra - Karin Sanden Raumheilung -Bereinigung von St\u00f6rungen durch \u00e4u\u00dferliche Einfl\u00fcsse wie z.Bp. Wasseradern, Harmonisierung der Kraftstr\u00f6me in R\u00e4umen, Wiederherstellung lebendiger Energie","breadcrumb":{"@id":"https:\/\/karinsanden.de\/?page_id=21#breadcrumb"},"inLanguage":"de","potentialAction":[{"@type":"ReadAction","target":["https:\/\/karinsanden.de\/?page_id=21"]}]},{"@type":"BreadcrumbList","@id":"https:\/\/karinsanden.de\/?page_id=21#breadcrumb","itemListElement":[{"@type":"ListItem","position":1,"name":"Startseite","item":"https:\/\/karinsanden.de\/"},{"@type":"ListItem","position":2,"name":"Kontakt"}]},{"@type":"WebSite","@id":"https:\/\/karinsanden.de\/#website","url":"https:\/\/karinsanden.de\/","name":"Karin Sanden","description":"Karin Sanden Raumheilung","publisher":{"@id":"https:\/\/karinsanden.de\/#organization"},"alternateName":"Kasandra","potentialAction":[{"@type":"SearchAction","target":{"@type":"EntryPoint","urlTemplate":"https:\/\/karinsanden.de\/?s={search_term_string}"},"query-input":{"@type":"PropertyValueSpecification","valueRequired":true,"valueName":"search_term_string"}}],"inLanguage":"de"},{"@type":"Organization","@id":"https:\/\/karinsanden.de\/#organization","name":"KASANDRA","alternateName":"Karin Sanden Raumheilung","url":"https:\/\/karinsanden.de\/","logo":{"@type":"ImageObject","inLanguage":"de","@id":"https:\/\/karinsanden.de\/#\/schema\/logo\/image\/","url":"https:\/\/karinsanden.de\/wp-content\/uploads\/2025\/04\/cropped-Karin_logo2.png","contentUrl":"https:\/\/karinsanden.de\/wp-content\/uploads\/2025\/04\/cropped-Karin_logo2.png","width":512,"height":512,"caption":"KASANDRA"},"image":{"@id":"https:\/\/karinsanden.de\/#\/schema\/logo\/image\/"}}]}},"_links":{"self":[{"href":"https:\/\/karinsanden.de\/index.php?rest_route=\/wp\/v2\/pages\/21","targetHints":{"allow":["GET"]}}],"collection":[{"href":"https:\/\/karinsanden.de\/index.php?rest_route=\/wp\/v2\/pages"}],"about":[{"href":"https:\/\/karinsanden.de\/index.php?rest_route=\/wp\/v2\/types\/page"}],"author":[{"embeddable":true,"href":"https:\/\/karinsanden.de\/index.php?rest_route=\/wp\/v2\/users\/1"}],"replies":[{"embeddable":true,"href":"https:\/\/karinsanden.de\/index.php?rest_route=%2Fwp%2Fv2%2Fcomments&post=21"}],"version-history":[{"count":7,"href":"https:\/\/karinsanden.de\/index.php?rest_route=\/wp\/v2\/pages\/21\/revisions"}],"predecessor-version":[{"id":375,"href":"https:\/\/karinsanden.de\/index.php?rest_route=\/wp\/v2\/pages\/21\/revisions\/375"}],"wp:attachment":[{"href":"https:\/\/karinsanden.de\/index.php?rest_route=%2Fwp%2Fv2%2Fmedia&parent=21"}],"curies":[{"name":"wp","href":"https:\/\/api.w.org\/{rel}","templated":true}]}}