{"id":22,"date":"2025-04-18T14:03:22","date_gmt":"2025-04-18T14:03:22","guid":{"rendered":"https:\/\/karinsanden.de\/?page_id=22"},"modified":"2025-05-14T13:08:46","modified_gmt":"2025-05-14T13:08:46","slug":"datenschutz","status":"publish","type":"page","link":"https:\/\/karinsanden.de\/?page_id=22","title":{"rendered":"Datenschutz"},"content":{"rendered":"\n<h1 class=\"wp-block-heading\"><\/h1>\n\n\n\n<p>Letzte Aktualisierung am: 23. Januar 2025<\/p>\n\n\n\n<p>Gesch\u00e4tzte Lesedauer: &lt; 1 Minute<\/p>\n\n\n\n<p>Ich freue mich, dass Sie meine Website besuchen. Der Schutz und die Sicherheit Ihrer pers\u00f6nlichen Informationen bei der Nutzung meiner Website ist f\u00fcr mich sehr wichtig. Ich m\u00f6chte Sie daher an dieser Stelle dar\u00fcber informieren, welche Ihrer personenbezogenen Daten ich beim Besuch meiner Website erfassen und f\u00fcr welche Zwecke diese verwendet werden.<\/p>\n\n\n\n<h5 class=\"wp-block-heading\">Wer ist verantwortlich und wie erreiche ich Sie?<\/h5>\n\n\n\n<p><strong>Verantwortlicher f\u00fcr die Verarbeitung personenbezogener Daten im Sinne der EU-Datenschutz-Grundverordnung (DSGVO):<\/strong> siehe <a href=\"https:\/\/karinsanden.de\/?page_id=23\" data-type=\"page\" data-id=\"23\">Impressum<\/a><\/p>\n\n\n\n<p><strong>Datenschutzbeauftragte\/r:<\/strong> DataSolution LUD GmbH, bitte verwenden Sie die allgemeinen Kontaktdaten im <a href=\"https:\/\/karinsanden.de\/?page_id=23\" data-type=\"page\" data-id=\"23\">Impressum<\/a><\/p>\n\n\n\n<h5 class=\"wp-block-heading\">Worum geht es?<\/h5>\n\n\n\n<p>Diese Datenschutzerkl\u00e4rung erf\u00fcllt die gesetzlichen Anforderungen an die Transparenz bei der Verarbeitung personenbezogener Daten. Dies sind alle Informationen, die sich auf eine identifizierte oder identifizierbare nat\u00fcrliche Person beziehen. Hierzu geh\u00f6ren beispielsweise Informationen wie Ihr Name, Ihr Alter, Ihre Anschrift, Ihre Telefonnummer, Ihr Geburtsdatum, Ihre E-Mail-Adresse, Ihre IP-Adresse oder das Nutzerverhalten beim Besuch einer Website. Informationen, bei denen wir keinen (oder nur mit einem unverh\u00e4ltnism\u00e4\u00dfigen Aufwand) Bezug zu Ihrer Person herstellen k\u00f6nnen, z.B. durch Anonymisierung, sind keine personenbezogenen Daten. Die Verarbeitung von personenbezogenen Daten (bspw. das Erheben, das Abfragen, die Verwendung, die Speicherung oder die \u00dcbermittlung) bedarf immer einer gesetzlichen Grundlage und eines definierten Zwecks.<\/p>\n\n\n\n<p>Gespeicherte personenbezogene Daten werden gel\u00f6scht, sobald der Zweck der Verarbeitung erreicht wurde und es keine rechtm\u00e4\u00dfigen Gr\u00fcnde f\u00fcr eine weitere Aufbewahrung der Daten gibt. Wir informieren Sie in den einzelnen Verarbeitungsvorg\u00e4ngen \u00fcber die konkreten Speicherfristen bzw. Kriterien f\u00fcr die Speicherung. Unabh\u00e4ngig davon, speichern wir Ihre personenbezogenen in Einzelf\u00e4llen zur Geltendmachung, Aus\u00fcbung oder Verteidigung von Rechtsanspr\u00fcchen und bei Vorliegen gesetzlicher Aufbewahrungspflichten.<\/p>\n\n\n\n<h5 class=\"wp-block-heading\">Wer bekommt meine Daten?<\/h5>\n\n\n\n<p>Ich gebe Ihre personenbezogenen Daten, die ich auf meiner Website verarbeite nur dann an Dritte weiter, wenn dies f\u00fcr die Erf\u00fcllung der Zwecke erforderlich ist und im Einzelfall von der Rechtsgrundlage (z.B. Einwilligung oder Wahrung berechtigter Interessen) erfasst ist. Dar\u00fcber hinaus gebe ich im Einzelfall personenbezogene Daten an Dritte weiter, wenn dies der Geltendmachung, Aus\u00fcbung oder Verteidigung von Rechtsanspr\u00fcchen dient. M\u00f6gliche Empf\u00e4nger k\u00f6nnen dann z.B. Strafverfolgungsbeh\u00f6rden, Rechtsanw\u00e4lte, Wirtschaftspr\u00fcfer, Gerichte usw. sein.<\/p>\n\n\n\n<p>Soweit ich f\u00fcr den Betrieb meiner Website Dienstleister einsetze, die im Rahmen einer Auftragsverarbeitung in unserem Auftrag personenbezogene Daten gem. Art. 28 DSGVO verarbeiten, k\u00f6nnen diese Empf\u00e4nger Ihrer personenbezogenen Daten sein. N\u00e4here Informationen zum Einsatz von Auftragsverarbeitern sowie von Webdiensten erhalten Sie in der \u00dcbersicht der einzelnen Verarbeitungsvorg\u00e4nge.<\/p>\n\n\n\n<p>Sofern ich Daten in einem Drittland (d.h. au\u00dferhalb der Europ\u00e4ischen Union (EU) oder des Europ\u00e4ischen Wirtschaftsraums (EWR)) verarbeite oder dies im Rahmen der Inanspruchnahme von Diensten Dritter oder Offenlegung, bzw. \u00dcbermittlung von Daten an Dritte geschieht, erfolgt dies nur, wenn es zur Erf\u00fcllung meiner (vor)vertraglichen Pflichten, auf Grundlage Ihrer Einwilligung, aufgrund einer rechtlichen Verpflichtung oder auf Grundlage unserer berechtigten Interessen geschieht. Vorbehaltlich gesetzlicher oder vertraglicher Erlaubnisse, verarbeiten oder lassen wir die Daten in einem Drittland nur beim Vorliegen der besonderen Voraussetzungen der Art. 44 ff. DSGVO verarbeiten. D.h. die Verarbeitung erfolgt z.B. auf Grundlage besonderer Garantien, wie der offiziell anerkannten Feststellung eines der EU entsprechenden Datenschutzniveaus oder Beachtung offiziell anerkannter spezieller vertraglicher Verpflichtungen (so genannte \u201eStandardvertragsklauseln\u201c).<\/p>\n\n\n\n<h5 class=\"wp-block-heading\">Welche Rechte habe ich?<\/h5>\n\n\n\n<p>Unter den Voraussetzungen der gesetzlichen Vorschriften der Datenschutz-Grundverordnung (DSGVO) haben Sie als betroffene Person folgende Rechte:<\/p>\n\n\n\n<ul class=\"wp-block-list\">\n<li><strong>Auskunft<\/strong> gem. Art. 15 DSGVO \u00fcber die zu Ihrer Person gespeicherten Daten in Form von aussagekr\u00e4ftigen Informationen zu den Einzelheiten der Verarbeitung sowie eine Kopie Ihrer Daten;<\/li>\n\n\n\n<li><strong>Berichtigung<\/strong> gem. Art. 16 DSGVO von unrichtigen oder unvollst\u00e4ndigen Daten, die bei uns gespeichert sind;<\/li>\n\n\n\n<li><strong>L\u00f6schung<\/strong> gem. Art. 17 DSGVO der bei uns gespeicherten Daten, soweit die Verarbeitung nicht zur Aus\u00fcbung des Rechts auf freie Meinungs\u00e4u\u00dferung und Information, zur Erf\u00fcllung einer rechtlichen Verpflichtung, aus Gr\u00fcnden des \u00f6ffentlichen Interesses oder zur Geltendmachung, Aus\u00fcbung oder Verteidigung von Rechtsanspr\u00fcchen erforderlich ist;<\/li>\n\n\n\n<li><strong>Einschr\u00e4nkung<\/strong> der Verarbeitung gem. Art. 18 DSGVO, soweit die Richtigkeit der Daten bestritten wird, die Verarbeitung unrechtm\u00e4\u00dfig ist, wir die Daten nicht mehr ben\u00f6tigen und Sie deren L\u00f6schung ablehnen, weil Sie diese zur Geltendmachung, Aus\u00fcbung oder Verteidigung von Rechtsanspr\u00fcchen ben\u00f6tigen oder Sie Widerspruch gegen die Verarbeitung gem. Art. 21 DSGVO erhoben haben;<\/li>\n\n\n\n<li><strong>Daten\u00fcbertragbarkeit<\/strong> gem. Art. 20 DSGVO, soweit Sie uns personenbezogene Daten im Rahmen einer Einwilligung gem. Art. 6 Abs. 1 lit. a DSGVO oder auf Grundlage eines Vertrages gem. Art. 6 Abs. 1 lit. b DSGVO bereitgestellt haben und diese durch uns mithilfe automatisierter Verfahren verarbeitet wurden. Sie erhalten Ihre Daten in einem strukturierten, g\u00e4ngigen und maschinenlesbaren Format bzw. wir \u00fcbermitteln die Daten direkt an einen anderen Verantwortlichen, soweit dies technisch machbar ist;<\/li>\n\n\n\n<li><strong>Widerspruch<\/strong> gem. Art. 21 DSGVO gegen die Verarbeitung Ihrer personenbezogenen Daten, soweit diese auf Grundlage des Art. 6 Abs. 1 lit. e, f DSGVO erfolgt und daf\u00fcr Gr\u00fcnde vorliegen, die sich aus Ihrer besonderen Situation ergeben oder sich der Widerspruch gegen Direktwerbung richtet. Das Recht auf Widerspruch besteht nicht, wenn \u00fcberwiegende, zwingende schutzw\u00fcrdige Gr\u00fcnde f\u00fcr die Verarbeitung nachgewiesen werden oder die Verarbeitung zur Geltendmachung, Aus\u00fcbung oder Verteidigung von Rechtsanspr\u00fcchen erfolgt. Soweit das Recht auf Widerspruch bei einzelnen Verarbeitungsvorg\u00e4ngen nicht besteht, ist dies dort angegeben;<\/li>\n\n\n\n<li><strong>Widerruf<\/strong> gem. Art. 7 Abs. 3 DSGVO Ihrer erteilten Einwilligung mit Wirkung f\u00fcr die Zukunft;<\/li>\n\n\n\n<li><strong>Beschwerde<\/strong> gem. Art. 77 DSGVO bei einer Aufsichtsbeh\u00f6rde, wenn Sie der Ansicht sind, die Verarbeitung Ihrer personenbezogenen Daten verst\u00f6\u00dft gegen die DSGVO. In der Regel k\u00f6nnen Sie sich an die Aufsichtsbeh\u00f6rde Ihres \u00fcblichen Aufenthaltsortes, Ihres Arbeitsplatzes oder unseres Unternehmenssitzes wenden.<\/li>\n<\/ul>\n\n\n\n<h5 class=\"wp-block-heading\">Sicherheit<\/h5>\n\n\n\n<p>Ich setze technische und organisatorische Sicherheitsma\u00dfnahmen gem\u00e4\u00df Art. 32 DSGVO ein, um Ihre durch uns verwalteten Daten gegen zuf\u00e4llige oder vors\u00e4tzliche Manipulationen, Verlust, Zerst\u00f6rung oder vor dem Zugriff unberechtigter Personen zu sch\u00fctzen. Meine Sicherheitsma\u00dfnahmen werden entsprechend der technologischen Entwicklung fortlaufend verbessert. Der Zugriff darauf ist nur wenigen Befugten und zum besonderen Datenschutz verpflichteten Personen m\u00f6glich, die mit der technischen, administrativen oder der redaktionellen Betreuung von Daten befasst sind.&nbsp;<\/p>\n\n\n\n<p>Aus Sicherheitsgr\u00fcnden und zum Schutz der \u00dcbertragung vertraulicher Inhalte, die Sie an uns als Seitenbetreiber senden, nutzt unsere Website eine SSL-bzw. TLS-Verschl\u00fcsselung. Damit sind Daten, die Sie \u00fcber diese Website \u00fcbermitteln, f\u00fcr Dritte nicht mitlesbar. Sie erkennen eine verschl\u00fcsselte Verbindung an der \u201ehttps:\/\/\u201c Adresszeile Ihres Browsers und am Schloss-Symbol in der Browserzeile.<\/p>\n\n\n\n<h5 class=\"wp-block-heading\">Schutz von Minderj\u00e4hrigen<\/h5>\n\n\n\n<p>Dieser Service richtet sich haupts\u00e4chlich an Erwachsene. Ich vermarkte derzeit keine speziellen Bereiche f\u00fcr Kinder. Demzufolge sammele ich weder wissentlich Informationen zur Altersbestimmung, noch sammele ich wissentlich personenbezogene Daten von Kindern unter 16 Jahren. Ich weise jedoch alle Besucher meiner Webseite unter 16 Jahren darauf hin, keine personenbezogenen Daten \u00fcber meinen Service preiszugeben oder bereitzustellen. F\u00fcr den Fall, dass ich feststelle, dass ein Kind unter 16 Jahren mir personenbezogene Daten zur Verf\u00fcgung gestellt hat, werde ich die personenbezogenen Daten des Kindes aus meinen Dateien l\u00f6schen, soweit dies technisch m\u00f6glich ist.<\/p>\n\n\n\n<h5 class=\"wp-block-heading\">Aktualisierung und \u00c4nderung<\/h5>\n\n\n\n<p>Ich behalte mir das Recht vor, diese Datenschutzhinweise jederzeit zu \u00e4ndern, zu aktualisieren oder zu erg\u00e4nzen. Jede \u00fcberarbeitete Information zur Datenverarbeitung gilt nur f\u00fcr personenbezogene Daten, die nach dem Inkrafttreten erfasst oder ge\u00e4ndert wurden.<\/p>\n\n\n\n<h5 class=\"wp-block-heading\">Setzen wir Cookies ein?<\/h5>\n\n\n\n<p>Cookies sind kleine Textdateien, die im Rahmen Ihres Besuchs unserer Internetseiten von uns an den Browser Ihres Endger\u00e4ts gesendet und dort gespeichert werden. Alternativ zum Einsatz von Cookies k\u00f6nnen Informationen auch im lokalen Speicher (local storage) Ihres Browsers gespeichert werden. Einige Funktionen unserer Internetseite k\u00f6nnen ohne den Einsatz von Cookies bzw. local storage nicht angeboten werden (technisch notwendige Cookies). Andere Cookies erm\u00f6glichen uns hingegen verschiedene Analysen, sodass wir beispielsweise in der Lage sind, den von Ihnen verwendeten Browser bei einem erneuten Besuch unserer Webseite wieder zuerkennen und verschiedene Informationen an uns zu \u00fcbermitteln (nicht notwendige Cookies). Mithilfe von Cookies k\u00f6nnen wir unter anderem unser Internetangebot f\u00fcr Sie nutzerfreundlicher und effektiver gestalten, indem wir etwa Ihre Nutzung unserer Website nachvollziehen und Ihre bevorzugten Einstellungen (bspw. L\u00e4nder- und Spracheinstellungen) feststellen. Sofern Dritte \u00fcber Cookies Informationen verarbeiten, erheben diese die Informationen direkt \u00fcber Ihren Browser. Cookies richten auf Ihrem Endger\u00e4t keinen Schaden an. Sie k\u00f6nnen keine Programme ausf\u00fchren und keine Viren enthalten.<\/p>\n\n\n\n<p>\u00dcber die jeweiligen Dienste, f\u00fcr die ich Cookies einsetze, informiere ich in den einzelnen Verarbeitungsvorg\u00e4ngen. Ausf\u00fchrliche Informationen zu den eingesetzten Cookies finden Sie in den Cookie-Einstellungen oder im Content Manager dieser Website.<\/p>\n\n\n\n<p><strong>Wie werden meine Daten im Einzelnen verarbeitet?<\/strong><\/p>\n\n\n\n<p>Nachfolgend informiere ich Sie \u00fcber die einzelnen Verarbeitungsvorg\u00e4nge, den Umfang und den Zweck der Datenverarbeitung, die Rechtsgrundlage, die Pflicht zur Bereitstellung Ihrer Daten und die jeweilige Speicherdauer. Eine automatisierte Entscheidung im Einzelfall, einschlie\u00dflich Profiling findet nicht statt.<\/p>\n\n\n\n<h5 class=\"wp-block-heading\">Bereitstellung der Website<\/h5>\n\n\n\n<p><strong>Art und Umfang der Verarbeitung<\/strong><\/p>\n\n\n\n<p>Bei Aufruf und Nutzung unserer Website erhebe ich die personenbezogenen Daten, die Ihr Browser automatisch an meinen Server \u00fcbermittelt. Die folgenden Informationen werden tempor\u00e4r in einem sog. Logfile gespeichert:<\/p>\n\n\n\n<ul class=\"wp-block-list\">\n<li>IP-Adresse des anfragenden Rechners<\/li>\n\n\n\n<li>Datum und Uhrzeit des Zugriffs<\/li>\n\n\n\n<li>Name und URL der abgerufenen Datei<\/li>\n\n\n\n<li>Website, von der aus der Zugriff erfolgt (Referrer-URL)<\/li>\n\n\n\n<li>Verwendeter Browser und ggf. das Betriebssystem Ihres Rechners, sowie der Name Ihres Access-Providers<\/li>\n<\/ul>\n\n\n\n<p>Meine Website wird nicht von mir selbst gehostet, sondern bei einem Dienstleister, der f\u00fcr den Zweck der die zuvor genannten Daten in unserem Auftrag gem. Art. 28 DSGVO verarbeitet.<\/p>\n\n\n\n<p><strong>Zweck und Rechtsgrundlage<\/strong><\/p>\n\n\n\n<p>Die Verarbeitung erfolgt zur Wahrung meines \u00fcberwiegenden berechtigten Interesses zur Anzeige meiner Website und Gew\u00e4hrleistung der Sicherheit und Stabilit\u00e4t auf Grundlage des Art. 6 Abs. lit. f DSGVO. Die Erfassung der Daten und die Speicherung in Logfiles ist f\u00fcr den Betrieb der Website zwingend erforderlich. Ein Widerspruchsrecht gegen die Verarbeitung besteht aufgrund der Ausnahme nach Art. 21 Abs. 1 DSGVO nicht. Soweit die weitergehende Speicherung der Logfiles gesetzlich vorgeschrieben ist, erfolgt die Verarbeitung auf Grundlage des Art. 6 Abs. 1 lit. c DSGVO. Es besteht keine gesetzliche oder vertragliche Pflicht zur Bereitstellung der Daten, allerdings ist der Aufruf unserer Website ohne Bereitstellung der Daten technisch nicht m\u00f6glich.<\/p>\n\n\n\n<p><strong>Speicherdauer<\/strong><\/p>\n\n\n\n<p>Die vorgenannten Daten werden f\u00fcr die Dauer der Anzeige der Website sowie aus technischen Gr\u00fcnden dar\u00fcber hinaus f\u00fcr maximal 7 Tage gespeichert.<\/p>\n\n\n\n<p><\/p>\n\n\n\n<h5 class=\"wp-block-heading\">Pr\u00e4senzen auf Social-Media-Plattformen<\/h5>\n\n\n\n<p>Ich unterhalte im Moment keine Social &#8211; Media &#8211; Plattformen.<\/p>\n\n\n\n<p><\/p>\n\n\n\n<h5 class=\"wp-block-heading\">Einsatz von Drittanbietern<\/h5>\n\n\n\n<p>Ich verwende Cookies, um Inhalte und Anzeigen zu personalisieren, Funktionen f\u00fcr soziale Medien anbieten zu k\u00f6nnen und die Zugriffe auf meiner Webseite zu analysieren. Au\u00dferdem gebe ich mit Ihrer Einwilligung Informationen zur Verwendung meiner Webseite an evtl. Partner weiter die ich nicht ablehnen kann. Einige Anbieter \u00fcbermitteln Daten auch au\u00dferhalb der EU. Die Einwilligung ist freiwillig und nicht erforderlich f\u00fcr die Nutzung meiner Webseite.<\/p>\n\n\n\n<p>Zur Verwaltung der folgenden Dienste nutze ich einen Consent Manager (Cookiebanner) unter Verweis auf \u00a7 25 TTDSG (Telekommunikation-Telemedien-Datenschutz-Gesetz). Ihre Einstellungen k\u00f6nnen Sie im Consent Manager jederzeit \u00e4ndern. Mehr zu den Diensten erfahren Sie, indem Sie auf den nachfolgenden Dienst klicken.<\/p>\n\n\n\n<p>karinsanden.de<\/p>\n\n\n\n<p>2025<\/p>\n\n\n\n<p><\/p>\n\n\n\n<p><\/p>\n","protected":false},"excerpt":{"rendered":"<p>Letzte Aktualisierung am: 23. Januar 2025 Gesch\u00e4tzte Lesedauer: &lt; 1 Minute Ich freue mich, dass Sie meine Website besuchen. Der [&hellip;]<\/p>\n","protected":false},"author":1,"featured_media":0,"parent":0,"menu_order":0,"comment_status":"closed","ping_status":"closed","template":"","meta":{"site-sidebar-layout":"default","site-content-layout":"","ast-site-content-layout":"","site-content-style":"default","site-sidebar-style":"default","ast-global-header-display":"","ast-banner-title-visibility":"","ast-main-header-display":"","ast-hfb-above-header-display":"","ast-hfb-below-header-display":"","ast-hfb-mobile-header-display":"","site-post-title":"disabled","ast-breadcrumbs-content":"","ast-featured-img":"","footer-sml-layout":"","ast-disable-related-posts":"","theme-transparent-header-meta":"","adv-header-id-meta":"","stick-header-meta":"","header-above-stick-meta":"","header-main-stick-meta":"","header-below-stick-meta":"","astra-migrate-meta-layouts":"default","ast-page-background-enabled":"default","ast-page-background-meta":{"desktop":{"background-color":"var(--ast-global-color-5)","background-image":"","background-repeat":"repeat","background-position":"center center","background-size":"auto","background-attachment":"scroll","background-type":"","background-media":"","overlay-type":"","overlay-color":"","overlay-opacity":"","overlay-gradient":""},"tablet":{"background-color":"","background-image":"","background-repeat":"repeat","background-position":"center center","background-size":"auto","background-attachment":"scroll","background-type":"","background-media":"","overlay-type":"","overlay-color":"","overlay-opacity":"","overlay-gradient":""},"mobile":{"background-color":"","background-image":"","background-repeat":"repeat","background-position":"center center","background-size":"auto","background-attachment":"scroll","background-type":"","background-media":"","overlay-type":"","overlay-color":"","overlay-opacity":"","overlay-gradient":""}},"ast-content-background-meta":{"desktop":{"background-color":"var(--ast-global-color-4)","background-image":"","background-repeat":"repeat","background-position":"center center","background-size":"auto","background-attachment":"scroll","background-type":"","background-media":"","overlay-type":"","overlay-color":"","overlay-opacity":"","overlay-gradient":""},"tablet":{"background-color":"var(--ast-global-color-4)","background-image":"","background-repeat":"repeat","background-position":"center center","background-size":"auto","background-attachment":"scroll","background-type":"","background-media":"","overlay-type":"","overlay-color":"","overlay-opacity":"","overlay-gradient":""},"mobile":{"background-color":"var(--ast-global-color-4)","background-image":"","background-repeat":"repeat","background-position":"center center","background-size":"auto","background-attachment":"scroll","background-type":"","background-media":"","overlay-type":"","overlay-color":"","overlay-opacity":"","overlay-gradient":""}},"footnotes":""},"class_list":["post-22","page","type-page","status-publish","hentry"],"yoast_head":"<!-- This site is optimized with the Yoast SEO plugin v26.9 - https:\/\/yoast.com\/product\/yoast-seo-wordpress\/ -->\n<title>KASANDRA - KASANDRA<\/title>\n<meta name=\"description\" content=\"Kasandra - Karin Sanden Raumheilung -Bereinigung von St\u00f6rungen durch \u00e4u\u00dferliche Einfl\u00fcsse wie z.Bp. Wasseradern, Harmonisierung der Kraftstr\u00f6me in R\u00e4umen, Wiederherstellung lebendiger Energie\" \/>\n<meta name=\"robots\" content=\"index, follow, max-snippet:-1, max-image-preview:large, max-video-preview:-1\" \/>\n<link rel=\"canonical\" href=\"https:\/\/karinsanden.de\/?page_id=22\" \/>\n<meta property=\"og:locale\" content=\"de_DE\" \/>\n<meta property=\"og:type\" content=\"article\" \/>\n<meta property=\"og:title\" content=\"KASANDRA - KASANDRA\" \/>\n<meta property=\"og:description\" content=\"Kasandra - Karin Sanden Raumheilung -Bereinigung von St\u00f6rungen durch \u00e4u\u00dferliche Einfl\u00fcsse wie z.Bp. Wasseradern, Harmonisierung der Kraftstr\u00f6me in R\u00e4umen, Wiederherstellung lebendiger Energie\" \/>\n<meta property=\"og:url\" content=\"https:\/\/karinsanden.de\/?page_id=22\" \/>\n<meta property=\"og:site_name\" content=\"KASANDRA\" \/>\n<meta property=\"article:modified_time\" content=\"2025-05-14T13:08:46+00:00\" \/>\n<meta property=\"og:image\" content=\"https:\/\/karinsanden.de\/wp-content\/uploads\/2025\/04\/Logo_Karin.jpg-766x1024.png\" \/>\n\t<meta property=\"og:image:width\" content=\"766\" \/>\n\t<meta property=\"og:image:height\" content=\"1024\" \/>\n\t<meta property=\"og:image:type\" content=\"image\/png\" \/>\n<meta name=\"twitter:card\" content=\"summary_large_image\" \/>\n<meta name=\"twitter:label1\" content=\"Gesch\u00e4tzte Lesezeit\" \/>\n\t<meta name=\"twitter:data1\" content=\"9\u00a0Minuten\" \/>\n<script type=\"application\/ld+json\" class=\"yoast-schema-graph\">{\"@context\":\"https:\/\/schema.org\",\"@graph\":[{\"@type\":\"WebPage\",\"@id\":\"https:\/\/karinsanden.de\/?page_id=22\",\"url\":\"https:\/\/karinsanden.de\/?page_id=22\",\"name\":\"KASANDRA - KASANDRA\",\"isPartOf\":{\"@id\":\"https:\/\/karinsanden.de\/#website\"},\"datePublished\":\"2025-04-18T14:03:22+00:00\",\"dateModified\":\"2025-05-14T13:08:46+00:00\",\"description\":\"Kasandra - Karin Sanden Raumheilung -Bereinigung von St\u00f6rungen durch \u00e4u\u00dferliche Einfl\u00fcsse wie z.Bp. Wasseradern, Harmonisierung der Kraftstr\u00f6me in R\u00e4umen, Wiederherstellung lebendiger Energie\",\"breadcrumb\":{\"@id\":\"https:\/\/karinsanden.de\/?page_id=22#breadcrumb\"},\"inLanguage\":\"de\",\"potentialAction\":[{\"@type\":\"ReadAction\",\"target\":[\"https:\/\/karinsanden.de\/?page_id=22\"]}]},{\"@type\":\"BreadcrumbList\",\"@id\":\"https:\/\/karinsanden.de\/?page_id=22#breadcrumb\",\"itemListElement\":[{\"@type\":\"ListItem\",\"position\":1,\"name\":\"Startseite\",\"item\":\"https:\/\/karinsanden.de\/\"},{\"@type\":\"ListItem\",\"position\":2,\"name\":\"Datenschutz\"}]},{\"@type\":\"WebSite\",\"@id\":\"https:\/\/karinsanden.de\/#website\",\"url\":\"https:\/\/karinsanden.de\/\",\"name\":\"Karin Sanden\",\"description\":\"Karin Sanden Raumheilung\",\"publisher\":{\"@id\":\"https:\/\/karinsanden.de\/#organization\"},\"alternateName\":\"Kasandra\",\"potentialAction\":[{\"@type\":\"SearchAction\",\"target\":{\"@type\":\"EntryPoint\",\"urlTemplate\":\"https:\/\/karinsanden.de\/?s={search_term_string}\"},\"query-input\":{\"@type\":\"PropertyValueSpecification\",\"valueRequired\":true,\"valueName\":\"search_term_string\"}}],\"inLanguage\":\"de\"},{\"@type\":\"Organization\",\"@id\":\"https:\/\/karinsanden.de\/#organization\",\"name\":\"KASANDRA\",\"alternateName\":\"Karin Sanden Raumheilung\",\"url\":\"https:\/\/karinsanden.de\/\",\"logo\":{\"@type\":\"ImageObject\",\"inLanguage\":\"de\",\"@id\":\"https:\/\/karinsanden.de\/#\/schema\/logo\/image\/\",\"url\":\"https:\/\/karinsanden.de\/wp-content\/uploads\/2025\/04\/cropped-Karin_logo2.png\",\"contentUrl\":\"https:\/\/karinsanden.de\/wp-content\/uploads\/2025\/04\/cropped-Karin_logo2.png\",\"width\":512,\"height\":512,\"caption\":\"KASANDRA\"},\"image\":{\"@id\":\"https:\/\/karinsanden.de\/#\/schema\/logo\/image\/\"}}]}<\/script>\n<!-- \/ Yoast SEO plugin. -->","yoast_head_json":{"title":"KASANDRA - KASANDRA","description":"Kasandra - Karin Sanden Raumheilung -Bereinigung von St\u00f6rungen durch \u00e4u\u00dferliche Einfl\u00fcsse wie z.Bp. Wasseradern, Harmonisierung der Kraftstr\u00f6me in R\u00e4umen, Wiederherstellung lebendiger Energie","robots":{"index":"index","follow":"follow","max-snippet":"max-snippet:-1","max-image-preview":"max-image-preview:large","max-video-preview":"max-video-preview:-1"},"canonical":"https:\/\/karinsanden.de\/?page_id=22","og_locale":"de_DE","og_type":"article","og_title":"KASANDRA - KASANDRA","og_description":"Kasandra - Karin Sanden Raumheilung -Bereinigung von St\u00f6rungen durch \u00e4u\u00dferliche Einfl\u00fcsse wie z.Bp. Wasseradern, Harmonisierung der Kraftstr\u00f6me in R\u00e4umen, Wiederherstellung lebendiger Energie","og_url":"https:\/\/karinsanden.de\/?page_id=22","og_site_name":"KASANDRA","article_modified_time":"2025-05-14T13:08:46+00:00","og_image":[{"width":766,"height":1024,"url":"https:\/\/karinsanden.de\/wp-content\/uploads\/2025\/04\/Logo_Karin.jpg-766x1024.png","type":"image\/png"}],"twitter_card":"summary_large_image","twitter_misc":{"Gesch\u00e4tzte Lesezeit":"9\u00a0Minuten"},"schema":{"@context":"https:\/\/schema.org","@graph":[{"@type":"WebPage","@id":"https:\/\/karinsanden.de\/?page_id=22","url":"https:\/\/karinsanden.de\/?page_id=22","name":"KASANDRA - KASANDRA","isPartOf":{"@id":"https:\/\/karinsanden.de\/#website"},"datePublished":"2025-04-18T14:03:22+00:00","dateModified":"2025-05-14T13:08:46+00:00","description":"Kasandra - Karin Sanden Raumheilung -Bereinigung von St\u00f6rungen durch \u00e4u\u00dferliche Einfl\u00fcsse wie z.Bp. Wasseradern, Harmonisierung der Kraftstr\u00f6me in R\u00e4umen, Wiederherstellung lebendiger Energie","breadcrumb":{"@id":"https:\/\/karinsanden.de\/?page_id=22#breadcrumb"},"inLanguage":"de","potentialAction":[{"@type":"ReadAction","target":["https:\/\/karinsanden.de\/?page_id=22"]}]},{"@type":"BreadcrumbList","@id":"https:\/\/karinsanden.de\/?page_id=22#breadcrumb","itemListElement":[{"@type":"ListItem","position":1,"name":"Startseite","item":"https:\/\/karinsanden.de\/"},{"@type":"ListItem","position":2,"name":"Datenschutz"}]},{"@type":"WebSite","@id":"https:\/\/karinsanden.de\/#website","url":"https:\/\/karinsanden.de\/","name":"Karin Sanden","description":"Karin Sanden Raumheilung","publisher":{"@id":"https:\/\/karinsanden.de\/#organization"},"alternateName":"Kasandra","potentialAction":[{"@type":"SearchAction","target":{"@type":"EntryPoint","urlTemplate":"https:\/\/karinsanden.de\/?s={search_term_string}"},"query-input":{"@type":"PropertyValueSpecification","valueRequired":true,"valueName":"search_term_string"}}],"inLanguage":"de"},{"@type":"Organization","@id":"https:\/\/karinsanden.de\/#organization","name":"KASANDRA","alternateName":"Karin Sanden Raumheilung","url":"https:\/\/karinsanden.de\/","logo":{"@type":"ImageObject","inLanguage":"de","@id":"https:\/\/karinsanden.de\/#\/schema\/logo\/image\/","url":"https:\/\/karinsanden.de\/wp-content\/uploads\/2025\/04\/cropped-Karin_logo2.png","contentUrl":"https:\/\/karinsanden.de\/wp-content\/uploads\/2025\/04\/cropped-Karin_logo2.png","width":512,"height":512,"caption":"KASANDRA"},"image":{"@id":"https:\/\/karinsanden.de\/#\/schema\/logo\/image\/"}}]}},"_links":{"self":[{"href":"https:\/\/karinsanden.de\/index.php?rest_route=\/wp\/v2\/pages\/22","targetHints":{"allow":["GET"]}}],"collection":[{"href":"https:\/\/karinsanden.de\/index.php?rest_route=\/wp\/v2\/pages"}],"about":[{"href":"https:\/\/karinsanden.de\/index.php?rest_route=\/wp\/v2\/types\/page"}],"author":[{"embeddable":true,"href":"https:\/\/karinsanden.de\/index.php?rest_route=\/wp\/v2\/users\/1"}],"replies":[{"embeddable":true,"href":"https:\/\/karinsanden.de\/index.php?rest_route=%2Fwp%2Fv2%2Fcomments&post=22"}],"version-history":[{"count":6,"href":"https:\/\/karinsanden.de\/index.php?rest_route=\/wp\/v2\/pages\/22\/revisions"}],"predecessor-version":[{"id":383,"href":"https:\/\/karinsanden.de\/index.php?rest_route=\/wp\/v2\/pages\/22\/revisions\/383"}],"wp:attachment":[{"href":"https:\/\/karinsanden.de\/index.php?rest_route=%2Fwp%2Fv2%2Fmedia&parent=22"}],"curies":[{"name":"wp","href":"https:\/\/api.w.org\/{rel}","templated":true}]}}